{"id":2109,"date":"2024-07-17T13:40:05","date_gmt":"2024-07-17T11:40:05","guid":{"rendered":"https:\/\/lesemeur.org\/?page_id=2109"},"modified":"2024-12-07T16:54:37","modified_gmt":"2024-12-07T15:54:37","slug":"nous-soutenir","status":"publish","type":"page","link":"https:\/\/lesemeur.org\/index.php\/nous-soutenir\/","title":{"rendered":"Nous soutenir"},"content":{"rendered":"\n<h1 class=\"wp-block-heading has-text-align-center\">Nous soutenir<\/h1>\n\n\n\n<p><strong>Appel aux dons d\u00e9fiscalis\u00e9s                |Date limite\u00a0: 30\/06\/25|<\/strong><\/p>\n\n\n\n<p>Le travail de notre asbl s\u2019effectue dans un esprit communautaire dont l\u2019objectif est de dynamiser une \u00e9conomie alternative dans notre r\u00e9gion. Les cotisation annuelles symboliques de 10 ou 30 \u20ac permettent de couvrir un minimum de frais de fonctionnement (site web, frais administratifs, d\u00e9pliants promotionnels,&#8230;) et de garantir une promotion de base \u00e0 toutes ces entreprises locales porteuses de sens.<\/p>\n\n\n\n<p>Pour soutenir cette \u00e9conomie solidaire, pour la faire conna\u00eetre au plus grand nombre, pour l\u2019aider \u00e0 se d\u00e9velopper, nous avons d\u00e9cid\u00e9 de lancer un appel aux dons.<\/p>\n\n\n\n<p>Ces versements sous forme de dons donnent droit \u00e0 une r\u00e9duction d\u2019imp\u00f4ts \u00e0 hauteur de 45&nbsp;% des sommes vers\u00e9es si le montant atteint au moins 40\u20ac. Ainsi, un don de 100\u20ac ne vous co\u00fbtera que 55\u20ac, un don de 40\u20ac ne vous co\u00fbtera que 22\u20ac (Infos d\u00e9taill\u00e9es <a href=\"https:\/\/finances.belgium.be\/fr\/particuliers\/avantages_fiscaux\/dons#q1\">sur ce lien du SPF Finances<\/a>).<\/p>\n\n\n\n<p>En pratique, dans le courant du mois de mars ou d\u00e9but avril, une attestation fiscale vous sera envoy\u00e9e. Vous pourrez alors v\u00e9rifier que votre don est bien pris en compte dans votre d\u00e9claration fiscale pr\u00e9-remplie.<\/p>\n\n\n\n<p>Afin de soutenir l\u2019\u00e9mergence de cette \u00e9conomie r\u00e9gionale, le Semeur a engag\u00e9 un premier travailleur jusqu\u2019au 15\/09\/2025. Ses missions consistent notamment \u00e0 augmenter les services apport\u00e9s aux entreprises locales (r\u00e9ductions des frais bancaires lors de paiements \u00e9lectroniques,&#8230;), mais aussi aux citoyens (accessibilit\u00e9 du cash,\u2026). Cette lev\u00e9e de fonds citoyenne permettra d&#8217;augmenter l\u2019impact du travail de Christophe, qui vise \u00e0 renforcer la coh\u00e9sion interne du r\u00e9seau, moderniser les services du Semeur, renforcer les boucles commerciales au sein du r\u00e9seau, am\u00e9liorer la visibilit\u00e9 de tous nos membres&#8230;<\/p>\n\n\n\n<p>Rejoignez-nous dans cette aventure et d\u00e9couvrez les paliers financiers \u00e0 atteindre ensemble pour optimiser nos actions.<\/p>\n\n\n\n<p><strong>Si nous pouvons atteindre un premier palier de 750 euros, nous pourrons renforcer notre soutien aux commer\u00e7ants et prestataires<\/strong><\/p>\n\n\n\n<ul class=\"wp-block-list\">\n<li>En achetant du mat\u00e9riel promotionnel et de visibilit\u00e9 (autocollants, flyers, affiches, sweat-shirts\/t-shirts,&#8230;)<\/li>\n\n\n\n<li>En am\u00e9liorant notre pr\u00e9sence en ligne pour attirer de nouveaux membres et utilisateur.trice.s et fid\u00e9liser les anciens<\/li>\n\n\n\n<li>En reconduisant bi-annuellement notre <a href=\"https:\/\/lesemeur.org\/index.php\/a-la-une\/\">grand jeu itin\u00e9rant Kazamo<\/a><\/li>\n<\/ul>\n\n\n\n<p><strong>Un deuxi\u00e8me <\/strong><strong>palier de 1500\u20ac nous permettrait&nbsp;:<\/strong><\/p>\n\n\n\n<ul class=\"wp-block-list\">\n<li>D\u2019am\u00e9liorer et de professionnaliser la qualit\u00e9 de nos reportages par l\u2019achat de mat\u00e9riel audio visuel de base (tr\u00e9pied, micro,&#8230;)<\/li>\n\n\n\n<li>D\u2019investir dans des logiciels (vid\u00e9o, mise en page, graphisme,&#8230;)<\/li>\n<\/ul>\n\n\n\n<p>Ces outils de communication nous permettraient de concr\u00e9tiser des actions de promotion plus efficaces au b\u00e9n\u00e9fice de nos partenaires.<\/p>\n\n\n\n<p><strong>Enfin, si nous pouvions atteindre un troisi\u00e8me palier de 2250\u20ac&nbsp;:<\/strong><\/p>\n\n\n\n<ul class=\"wp-block-list\">\n<li>R\u00e9alisation de podcasts, capsules et vid\u00e9os promotionnelles soutenant l\u2019\u00e9conomie locale, r\u00e9g\u00e9n\u00e9rative, socialement juste&#8230;<\/li>\n\n\n\n<li>Professionnalisation de nos services (vid\u00e9o\/graphisme,&#8230;) afin de r\u00e9pondre aux besoins des partenaires.<\/li>\n\n\n\n<li>Cet appel aux dons permettrait surtout de p\u00e9renniser un emploi au sein de l\u2019ASBL par la mise en place des \u00e9l\u00e9ments n\u00e9cessaires \u00e0 l\u2019autonomie financi\u00e8re de l\u2019association. Gr\u00e2ce au travail de Christophe et \u00e0 sa pr\u00e9sence sur le terrain, nous pourrons assurer \u00e0 tous nos prestataires des services plus professionnels et complets, et surtout plus d\u2019efficacit\u00e9, mais aussi trouver de nouveaux financements.<\/li>\n<\/ul>\n\n\n\n<p>Ensemble nous pouvons faire la diff\u00e9rence&nbsp;! Votre implication dans nos actions est importante et nous vous en remercions d\u00e9j\u00e0.<\/p>\n\n\n\n<p><strong>Informations pour le virement :<\/strong><a href=\"https:\/\/www.financite.be\/\"> <\/a><\/p>\n\n\n\n<p><a href=\"https:\/\/www.financite.be\/\">Financit\u00e9 ASBL<\/a><strong> &#8211; BE29 0011 0106 3164 &#8211; Communication : \u00ab <\/strong><em><strong>Don pour Le Semeur<\/strong><\/em><strong> + votre n\u00b0 de registre national\u00bb<\/strong><\/p>\n\n\n\n<p><\/p>\n\n\n\n<p><\/p>\n\n\n\n<p><\/p>\n","protected":false},"excerpt":{"rendered":"<p>Nous soutenir Appel aux dons d\u00e9fiscalis\u00e9s |Date limite\u00a0: 30\/06\/25| Le travail de notre asbl s\u2019effectue dans un esprit communautaire dont [&hellip;]<\/p>\n","protected":false},"author":1,"featured_media":0,"parent":0,"menu_order":0,"comment_status":"closed","ping_status":"closed","template":"","meta":{"site-sidebar-layout":"default","site-content-layout":"default","ast-site-content-layout":"default","site-content-style":"default","site-sidebar-style":"default","ast-global-header-display":"","ast-banner-title-visibility":"","ast-main-header-display":"","ast-hfb-above-header-display":"","ast-hfb-below-header-display":"","ast-hfb-mobile-header-display":"","site-post-title":"disabled","ast-breadcrumbs-content":"","ast-featured-img":"","footer-sml-layout":"","theme-transparent-header-meta":"default","adv-header-id-meta":"","stick-header-meta":"","header-above-stick-meta":"","header-main-stick-meta":"","header-below-stick-meta":"","astra-migrate-meta-layouts":"set","ast-page-background-enabled":"default","ast-page-background-meta":{"desktop":{"background-color":"var(--ast-global-color-4)","background-image":"","background-repeat":"repeat","background-position":"center center","background-size":"auto","background-attachment":"scroll","background-type":"","background-media":"","overlay-type":"","overlay-color":"","overlay-opacity":"","overlay-gradient":""},"tablet":{"background-color":"","background-image":"","background-repeat":"repeat","background-position":"center center","background-size":"auto","background-attachment":"scroll","background-type":"","background-media":"","overlay-type":"","overlay-color":"","overlay-opacity":"","overlay-gradient":""},"mobile":{"background-color":"","background-image":"","background-repeat":"repeat","background-position":"center center","background-size":"auto","background-attachment":"scroll","background-type":"","background-media":"","overlay-type":"","overlay-color":"","overlay-opacity":"","overlay-gradient":""}},"ast-content-background-meta":{"desktop":{"background-color":"var(--ast-global-color-5)","background-image":"","background-repeat":"repeat","background-position":"center center","background-size":"auto","background-attachment":"scroll","background-type":"","background-media":"","overlay-type":"","overlay-color":"","overlay-opacity":"","overlay-gradient":""},"tablet":{"background-color":"var(--ast-global-color-5)","background-image":"","background-repeat":"repeat","background-position":"center center","background-size":"auto","background-attachment":"scroll","background-type":"","background-media":"","overlay-type":"","overlay-color":"","overlay-opacity":"","overlay-gradient":""},"mobile":{"background-color":"var(--ast-global-color-5)","background-image":"","background-repeat":"repeat","background-position":"center center","background-size":"auto","background-attachment":"scroll","background-type":"","background-media":"","overlay-type":"","overlay-color":"","overlay-opacity":"","overlay-gradient":""}},"ngg_post_thumbnail":0,"footnotes":""},"class_list":["post-2109","page","type-page","status-publish","hentry"],"yoast_head":"<!-- This site is optimized with the Yoast SEO plugin v24.0 - https:\/\/yoast.com\/wordpress\/plugins\/seo\/ -->\n<title>Nous soutenir - Le Semeur<\/title>\n<meta name=\"description\" content=\"Le Semeur est votre monnaie locale, citoyenne et compl\u00e9mentaire de l&#039;Entre-Sambre-Et-Meuse. Elle participe \u00e0 la transition environnementale et sociale. D\u00e9couvrez comment vous en procurer !\" \/>\n<meta name=\"robots\" content=\"index, follow, max-snippet:-1, max-image-preview:large, max-video-preview:-1\" \/>\n<link rel=\"canonical\" href=\"https:\/\/lesemeur.org\/index.php\/nous-soutenir\/\" \/>\n<meta property=\"og:locale\" content=\"fr_FR\" \/>\n<meta property=\"og:type\" content=\"article\" \/>\n<meta property=\"og:title\" content=\"Nous soutenir - Le Semeur\" \/>\n<meta property=\"og:description\" content=\"Le Semeur est votre monnaie locale, citoyenne et compl\u00e9mentaire de l&#039;Entre-Sambre-Et-Meuse. Elle participe \u00e0 la transition environnementale et sociale. D\u00e9couvrez comment vous en procurer !\" \/>\n<meta property=\"og:url\" content=\"https:\/\/lesemeur.org\/index.php\/nous-soutenir\/\" \/>\n<meta property=\"og:site_name\" content=\"Le Semeur\" \/>\n<meta property=\"article:modified_time\" content=\"2024-12-07T15:54:37+00:00\" \/>\n<meta name=\"twitter:card\" content=\"summary_large_image\" \/>\n<meta name=\"twitter:label1\" content=\"Dur\u00e9e de lecture estim\u00e9e\" \/>\n\t<meta name=\"twitter:data1\" content=\"3 minutes\" \/>\n<script type=\"application\/ld+json\" class=\"yoast-schema-graph\">{\"@context\":\"https:\/\/schema.org\",\"@graph\":[{\"@type\":\"WebPage\",\"@id\":\"https:\/\/lesemeur.org\/index.php\/nous-soutenir\/\",\"url\":\"https:\/\/lesemeur.org\/index.php\/nous-soutenir\/\",\"name\":\"Nous soutenir - Le Semeur\",\"isPartOf\":{\"@id\":\"https:\/\/lesemeur.org\/#website\"},\"datePublished\":\"2024-07-17T11:40:05+00:00\",\"dateModified\":\"2024-12-07T15:54:37+00:00\",\"description\":\"Le Semeur est votre monnaie locale, citoyenne et compl\u00e9mentaire de l'Entre-Sambre-Et-Meuse. Elle participe \u00e0 la transition environnementale et sociale. D\u00e9couvrez comment vous en procurer !\",\"breadcrumb\":{\"@id\":\"https:\/\/lesemeur.org\/index.php\/nous-soutenir\/#breadcrumb\"},\"inLanguage\":\"fr-FR\",\"potentialAction\":[{\"@type\":\"ReadAction\",\"target\":[\"https:\/\/lesemeur.org\/index.php\/nous-soutenir\/\"]}]},{\"@type\":\"BreadcrumbList\",\"@id\":\"https:\/\/lesemeur.org\/index.php\/nous-soutenir\/#breadcrumb\",\"itemListElement\":[{\"@type\":\"ListItem\",\"position\":1,\"name\":\"Accueil\",\"item\":\"https:\/\/lesemeur.org\/\"},{\"@type\":\"ListItem\",\"position\":2,\"name\":\"Nous soutenir\"}]},{\"@type\":\"WebSite\",\"@id\":\"https:\/\/lesemeur.org\/#website\",\"url\":\"https:\/\/lesemeur.org\/\",\"name\":\"Le Semeur\",\"description\":\"La monnaie locale de l&#039;Entre-Sambre-et-Meuse\",\"publisher\":{\"@id\":\"https:\/\/lesemeur.org\/#organization\"},\"potentialAction\":[{\"@type\":\"SearchAction\",\"target\":{\"@type\":\"EntryPoint\",\"urlTemplate\":\"https:\/\/lesemeur.org\/?s={search_term_string}\"},\"query-input\":{\"@type\":\"PropertyValueSpecification\",\"valueRequired\":true,\"valueName\":\"search_term_string\"}}],\"inLanguage\":\"fr-FR\"},{\"@type\":\"Organization\",\"@id\":\"https:\/\/lesemeur.org\/#organization\",\"name\":\"Le Semeur\",\"url\":\"https:\/\/lesemeur.org\/\",\"logo\":{\"@type\":\"ImageObject\",\"inLanguage\":\"fr-FR\",\"@id\":\"https:\/\/lesemeur.org\/#\/schema\/logo\/image\/\",\"url\":\"http:\/\/lesemeur.org\/wp-content\/uploads\/2020\/02\/Elisez-votre-logo.jpg\",\"contentUrl\":\"http:\/\/lesemeur.org\/wp-content\/uploads\/2020\/02\/Elisez-votre-logo.jpg\",\"width\":512,\"height\":512,\"caption\":\"Le Semeur\"},\"image\":{\"@id\":\"https:\/\/lesemeur.org\/#\/schema\/logo\/image\/\"}}]}<\/script>\n<!-- \/ Yoast SEO plugin. -->","yoast_head_json":{"title":"Nous soutenir - Le Semeur","description":"Le Semeur est votre monnaie locale, citoyenne et compl\u00e9mentaire de l'Entre-Sambre-Et-Meuse. Elle participe \u00e0 la transition environnementale et sociale. D\u00e9couvrez comment vous en procurer !","robots":{"index":"index","follow":"follow","max-snippet":"max-snippet:-1","max-image-preview":"max-image-preview:large","max-video-preview":"max-video-preview:-1"},"canonical":"https:\/\/lesemeur.org\/index.php\/nous-soutenir\/","og_locale":"fr_FR","og_type":"article","og_title":"Nous soutenir - Le Semeur","og_description":"Le Semeur est votre monnaie locale, citoyenne et compl\u00e9mentaire de l'Entre-Sambre-Et-Meuse. Elle participe \u00e0 la transition environnementale et sociale. D\u00e9couvrez comment vous en procurer !","og_url":"https:\/\/lesemeur.org\/index.php\/nous-soutenir\/","og_site_name":"Le Semeur","article_modified_time":"2024-12-07T15:54:37+00:00","twitter_card":"summary_large_image","twitter_misc":{"Dur\u00e9e de lecture estim\u00e9e":"3 minutes"},"schema":{"@context":"https:\/\/schema.org","@graph":[{"@type":"WebPage","@id":"https:\/\/lesemeur.org\/index.php\/nous-soutenir\/","url":"https:\/\/lesemeur.org\/index.php\/nous-soutenir\/","name":"Nous soutenir - Le Semeur","isPartOf":{"@id":"https:\/\/lesemeur.org\/#website"},"datePublished":"2024-07-17T11:40:05+00:00","dateModified":"2024-12-07T15:54:37+00:00","description":"Le Semeur est votre monnaie locale, citoyenne et compl\u00e9mentaire de l'Entre-Sambre-Et-Meuse. Elle participe \u00e0 la transition environnementale et sociale. D\u00e9couvrez comment vous en procurer !","breadcrumb":{"@id":"https:\/\/lesemeur.org\/index.php\/nous-soutenir\/#breadcrumb"},"inLanguage":"fr-FR","potentialAction":[{"@type":"ReadAction","target":["https:\/\/lesemeur.org\/index.php\/nous-soutenir\/"]}]},{"@type":"BreadcrumbList","@id":"https:\/\/lesemeur.org\/index.php\/nous-soutenir\/#breadcrumb","itemListElement":[{"@type":"ListItem","position":1,"name":"Accueil","item":"https:\/\/lesemeur.org\/"},{"@type":"ListItem","position":2,"name":"Nous soutenir"}]},{"@type":"WebSite","@id":"https:\/\/lesemeur.org\/#website","url":"https:\/\/lesemeur.org\/","name":"Le Semeur","description":"La monnaie locale de l&#039;Entre-Sambre-et-Meuse","publisher":{"@id":"https:\/\/lesemeur.org\/#organization"},"potentialAction":[{"@type":"SearchAction","target":{"@type":"EntryPoint","urlTemplate":"https:\/\/lesemeur.org\/?s={search_term_string}"},"query-input":{"@type":"PropertyValueSpecification","valueRequired":true,"valueName":"search_term_string"}}],"inLanguage":"fr-FR"},{"@type":"Organization","@id":"https:\/\/lesemeur.org\/#organization","name":"Le Semeur","url":"https:\/\/lesemeur.org\/","logo":{"@type":"ImageObject","inLanguage":"fr-FR","@id":"https:\/\/lesemeur.org\/#\/schema\/logo\/image\/","url":"http:\/\/lesemeur.org\/wp-content\/uploads\/2020\/02\/Elisez-votre-logo.jpg","contentUrl":"http:\/\/lesemeur.org\/wp-content\/uploads\/2020\/02\/Elisez-votre-logo.jpg","width":512,"height":512,"caption":"Le Semeur"},"image":{"@id":"https:\/\/lesemeur.org\/#\/schema\/logo\/image\/"}}]}},"_links":{"self":[{"href":"https:\/\/lesemeur.org\/index.php\/wp-json\/wp\/v2\/pages\/2109","targetHints":{"allow":["GET"]}}],"collection":[{"href":"https:\/\/lesemeur.org\/index.php\/wp-json\/wp\/v2\/pages"}],"about":[{"href":"https:\/\/lesemeur.org\/index.php\/wp-json\/wp\/v2\/types\/page"}],"author":[{"embeddable":true,"href":"https:\/\/lesemeur.org\/index.php\/wp-json\/wp\/v2\/users\/1"}],"replies":[{"embeddable":true,"href":"https:\/\/lesemeur.org\/index.php\/wp-json\/wp\/v2\/comments?post=2109"}],"version-history":[{"count":9,"href":"https:\/\/lesemeur.org\/index.php\/wp-json\/wp\/v2\/pages\/2109\/revisions"}],"predecessor-version":[{"id":2243,"href":"https:\/\/lesemeur.org\/index.php\/wp-json\/wp\/v2\/pages\/2109\/revisions\/2243"}],"wp:attachment":[{"href":"https:\/\/lesemeur.org\/index.php\/wp-json\/wp\/v2\/media?parent=2109"}],"curies":[{"name":"wp","href":"https:\/\/api.w.org\/{rel}","templated":true}]}}