{"id":342,"date":"2020-02-16T15:11:19","date_gmt":"2020-02-16T14:11:19","guid":{"rendered":"http:\/\/lesemeur.org\/?page_id=342"},"modified":"2025-03-11T11:10:05","modified_gmt":"2025-03-11T10:10:05","slug":"contact","status":"publish","type":"page","link":"https:\/\/lesemeur.org\/index.php\/contact\/","title":{"rendered":"Contact"},"content":{"rendered":"\n<h1 class=\"wp-block-heading has-text-align-center\">Contact<\/h1>\n\n\n<div class=\"wpforms-container wpforms-container-full wpforms-block wpforms-block-8d42d221-2b53-436b-a10e-e8a7bca86418\" id=\"wpforms-332\"><form id=\"wpforms-form-332\" class=\"wpforms-validate wpforms-form\" data-formid=\"332\" method=\"post\" enctype=\"multipart\/form-data\" action=\"\/index.php\/wp-json\/wp\/v2\/pages\/342\" data-token=\"83c67eabd4e17d14dd25368068842243\" data-token-time=\"1776236021\"><noscript class=\"wpforms-error-noscript\">Veuillez activer JavaScript dans votre navigateur pour remplir ce formulaire.<\/noscript><div class=\"wpforms-field-container\"><div id=\"wpforms-332-field_0-container\" class=\"wpforms-field wpforms-field-name\" data-field-id=\"0\"><label class=\"wpforms-field-label\">Nom <span class=\"wpforms-required-label\">*<\/span><\/label><div class=\"wpforms-field-row wpforms-field-medium\"><div class=\"wpforms-field-row-block wpforms-first wpforms-one-half\"><input type=\"text\" id=\"wpforms-332-field_0\" class=\"wpforms-field-name-first wpforms-field-required\" name=\"wpforms[fields][0][first]\" required><label for=\"wpforms-332-field_0\" class=\"wpforms-field-sublabel after\">Pr\u00e9nom<\/label><\/div><div class=\"wpforms-field-row-block wpforms-one-half\"><input type=\"text\" id=\"wpforms-332-field_0-last\" class=\"wpforms-field-name-last wpforms-field-required\" name=\"wpforms[fields][0][last]\" required><label for=\"wpforms-332-field_0-last\" class=\"wpforms-field-sublabel after\">Nom<\/label><\/div><\/div><\/div><div id=\"wpforms-332-field_1-container\" class=\"wpforms-field wpforms-field-email\" data-field-id=\"1\"><label class=\"wpforms-field-label\" for=\"wpforms-332-field_1\">E-mail <span class=\"wpforms-required-label\">*<\/span><\/label><input type=\"email\" id=\"wpforms-332-field_1\" class=\"wpforms-field-medium wpforms-field-required\" name=\"wpforms[fields][1]\" spellcheck=\"false\" required><\/div><div id=\"wpforms-332-field_2-container\" class=\"wpforms-field wpforms-field-textarea\" data-field-id=\"2\"><label class=\"wpforms-field-label\" for=\"wpforms-332-field_2\">Commentaire ou message <span class=\"wpforms-required-label\">*<\/span><\/label><textarea id=\"wpforms-332-field_2\" class=\"wpforms-field-small wpforms-field-required\" name=\"wpforms[fields][2]\" required><\/textarea><\/div><\/div><!-- .wpforms-field-container --><div class=\"wpforms-field wpforms-field-hp\"><label for=\"wpforms-332-field-hp\" class=\"wpforms-field-label\">Name<\/label><input type=\"text\" name=\"wpforms[hp]\" id=\"wpforms-332-field-hp\" class=\"wpforms-field-medium\"><\/div><div class=\"wpforms-recaptcha-container wpforms-is-recaptcha wpforms-is-recaptcha-type-v2\" ><div class=\"g-recaptcha\" data-sitekey=\"6LcXpK4ZAAAAADquwiONnpu5lUAP5QyW0iH4dnGW\"><\/div><input type=\"text\" name=\"g-recaptcha-hidden\" class=\"wpforms-recaptcha-hidden\" style=\"position:absolute!important;clip:rect(0,0,0,0)!important;height:1px!important;width:1px!important;border:0!important;overflow:hidden!important;padding:0!important;margin:0!important;\" data-rule-recaptcha=\"1\"><\/div><div class=\"wpforms-submit-container\" ><input type=\"hidden\" name=\"wpforms[id]\" value=\"332\"><input type=\"hidden\" name=\"page_title\" value=\"\"><input type=\"hidden\" name=\"page_url\" value=\"https:\/\/lesemeur.org\/index.php\/wp-json\/wp\/v2\/pages\/342\"><button type=\"submit\" name=\"wpforms[submit]\" id=\"wpforms-submit-332\" class=\"wpforms-submit\" data-alt-text=\"Envoi...\" data-submit-text=\"Envoyer\" aria-live=\"assertive\" value=\"wpforms-submit\">Envoyer<\/button><\/div><\/form><\/div>  <!-- .wpforms-container -->\n\n\n<h3 class=\"wp-block-heading\">Documents utiles pour la presse<\/h3>\n\n\n\n<figure class=\"wp-block-gallery aligncenter has-nested-images columns-default is-cropped wp-block-gallery-1 is-layout-flex wp-block-gallery-is-layout-flex\">\n<figure class=\"wp-block-image size-large\"><a href=\"https:\/\/lesemeur.org\/wp-content\/uploads\/2024\/06\/RAPPORT-ACTIVITES-2023.pdf\"><img loading=\"lazy\" decoding=\"async\" width=\"650\" height=\"518\" data-id=\"945\" src=\"https:\/\/lesemeur.org\/wp-content\/uploads\/2020\/10\/Logo-OK-1.jpg\" alt=\"\" class=\"wp-image-945\" srcset=\"https:\/\/lesemeur.org\/wp-content\/uploads\/2020\/10\/Logo-OK-1.jpg 650w, https:\/\/lesemeur.org\/wp-content\/uploads\/2020\/10\/Logo-OK-1-300x239.jpg 300w\" sizes=\"auto, (max-width: 650px) 100vw, 650px\" \/><\/a><\/figure>\n\n\n\n<figure class=\"wp-block-image size-large\"><a href=\"https:\/\/lesemeur.org\/wp-content\/uploads\/2020\/10\/barometre_2019_3.png\"><img loading=\"lazy\" decoding=\"async\" width=\"410\" height=\"1024\" data-id=\"946\" src=\"https:\/\/lesemeur.org\/wp-content\/uploads\/2020\/10\/barometre_2019_3-410x1024.png\" alt=\"\" class=\"wp-image-946\" srcset=\"https:\/\/lesemeur.org\/wp-content\/uploads\/2020\/10\/barometre_2019_3-410x1024.png 410w, https:\/\/lesemeur.org\/wp-content\/uploads\/2020\/10\/barometre_2019_3-120x300.png 120w, https:\/\/lesemeur.org\/wp-content\/uploads\/2020\/10\/barometre_2019_3-768x1920.png 768w, https:\/\/lesemeur.org\/wp-content\/uploads\/2020\/10\/barometre_2019_3.png 800w\" sizes=\"auto, (max-width: 410px) 100vw, 410px\" \/><\/a><\/figure>\n\n\n\n<figure class=\"wp-block-image size-large\"><a href=\"https:\/\/lesemeur.org\/index.php\/lequipe\/\"><img loading=\"lazy\" decoding=\"async\" width=\"1024\" height=\"768\" data-id=\"948\" src=\"https:\/\/lesemeur.org\/wp-content\/uploads\/2020\/10\/19-09-16-Monnaie-locale-r\u00e9union-1024x768.jpg\" alt=\"\" class=\"wp-image-948\" srcset=\"https:\/\/lesemeur.org\/wp-content\/uploads\/2020\/10\/19-09-16-Monnaie-locale-r\u00e9union-1024x768.jpg 1024w, https:\/\/lesemeur.org\/wp-content\/uploads\/2020\/10\/19-09-16-Monnaie-locale-r\u00e9union-300x225.jpg 300w, https:\/\/lesemeur.org\/wp-content\/uploads\/2020\/10\/19-09-16-Monnaie-locale-r\u00e9union-768x576.jpg 768w, https:\/\/lesemeur.org\/wp-content\/uploads\/2020\/10\/19-09-16-Monnaie-locale-r\u00e9union.jpg 1440w\" sizes=\"auto, (max-width: 1024px) 100vw, 1024px\" \/><\/a><\/figure>\n\n\n\n<figure class=\"wp-block-image size-large\"><img loading=\"lazy\" decoding=\"async\" width=\"1024\" height=\"277\" data-id=\"949\" src=\"https:\/\/lesemeur.org\/wp-content\/uploads\/2020\/10\/Financite_Reseau-1024x277.png\" alt=\"\" class=\"wp-image-949\" srcset=\"https:\/\/lesemeur.org\/wp-content\/uploads\/2020\/10\/Financite_Reseau-1024x277.png 1024w, https:\/\/lesemeur.org\/wp-content\/uploads\/2020\/10\/Financite_Reseau-300x81.png 300w, https:\/\/lesemeur.org\/wp-content\/uploads\/2020\/10\/Financite_Reseau-768x208.png 768w, https:\/\/lesemeur.org\/wp-content\/uploads\/2020\/10\/Financite_Reseau-1536x416.png 1536w, https:\/\/lesemeur.org\/wp-content\/uploads\/2020\/10\/Financite_Reseau-2048x554.png 2048w\" sizes=\"auto, (max-width: 1024px) 100vw, 1024px\" \/><\/figure>\n<\/figure>\n\n\n\n<p>N&#8217;h\u00e9sitez pas \u00e0 nous contacter par mail (<a href=\"mailto:info@lesemeur.org\">info@lesemeur.org<\/a>) pour obtenir des images suppl\u00e9mentaires ou des informations.<\/p>\n","protected":false},"excerpt":{"rendered":"<p>Contact Documents utiles pour la presse N&#8217;h\u00e9sitez pas \u00e0 nous contacter par mail (info@lesemeur.org) pour obtenir des images suppl\u00e9mentaires ou [&hellip;]<\/p>\n","protected":false},"author":1,"featured_media":0,"parent":0,"menu_order":0,"comment_status":"closed","ping_status":"closed","template":"","meta":{"site-sidebar-layout":"default","site-content-layout":"default","ast-site-content-layout":"default","site-content-style":"default","site-sidebar-style":"default","ast-global-header-display":"","ast-banner-title-visibility":"","ast-main-header-display":"","ast-hfb-above-header-display":"","ast-hfb-below-header-display":"","ast-hfb-mobile-header-display":"","site-post-title":"disabled","ast-breadcrumbs-content":"","ast-featured-img":"","footer-sml-layout":"","theme-transparent-header-meta":"default","adv-header-id-meta":"","stick-header-meta":"","header-above-stick-meta":"","header-main-stick-meta":"","header-below-stick-meta":"","astra-migrate-meta-layouts":"set","ast-page-background-enabled":"default","ast-page-background-meta":{"desktop":{"background-color":"var(--ast-global-color-4)","background-image":"","background-repeat":"repeat","background-position":"center center","background-size":"auto","background-attachment":"scroll","background-type":"","background-media":"","overlay-type":"","overlay-color":"","overlay-opacity":"","overlay-gradient":""},"tablet":{"background-color":"","background-image":"","background-repeat":"repeat","background-position":"center center","background-size":"auto","background-attachment":"scroll","background-type":"","background-media":"","overlay-type":"","overlay-color":"","overlay-opacity":"","overlay-gradient":""},"mobile":{"background-color":"","background-image":"","background-repeat":"repeat","background-position":"center center","background-size":"auto","background-attachment":"scroll","background-type":"","background-media":"","overlay-type":"","overlay-color":"","overlay-opacity":"","overlay-gradient":""}},"ast-content-background-meta":{"desktop":{"background-color":"var(--ast-global-color-5)","background-image":"","background-repeat":"repeat","background-position":"center center","background-size":"auto","background-attachment":"scroll","background-type":"","background-media":"","overlay-type":"","overlay-color":"","overlay-opacity":"","overlay-gradient":""},"tablet":{"background-color":"var(--ast-global-color-5)","background-image":"","background-repeat":"repeat","background-position":"center center","background-size":"auto","background-attachment":"scroll","background-type":"","background-media":"","overlay-type":"","overlay-color":"","overlay-opacity":"","overlay-gradient":""},"mobile":{"background-color":"var(--ast-global-color-5)","background-image":"","background-repeat":"repeat","background-position":"center center","background-size":"auto","background-attachment":"scroll","background-type":"","background-media":"","overlay-type":"","overlay-color":"","overlay-opacity":"","overlay-gradient":""}},"ngg_post_thumbnail":0,"footnotes":""},"class_list":["post-342","page","type-page","status-publish","hentry"],"yoast_head":"<!-- This site is optimized with the Yoast SEO plugin v24.0 - https:\/\/yoast.com\/wordpress\/plugins\/seo\/ -->\n<title>Contact - Le Semeur<\/title>\n<meta name=\"description\" content=\"Le Semeur est votre monnaie locale, citoyenne et compl\u00e9mentaire de l&#039;Entre-Sambre-Et-Meuse. D\u00e9couvrez comment vous en procurer !\" \/>\n<meta name=\"robots\" content=\"index, follow, max-snippet:-1, max-image-preview:large, max-video-preview:-1\" \/>\n<link rel=\"canonical\" href=\"https:\/\/lesemeur.org\/index.php\/contact\/\" \/>\n<meta property=\"og:locale\" content=\"fr_FR\" \/>\n<meta property=\"og:type\" content=\"article\" \/>\n<meta property=\"og:title\" content=\"Contact - Le Semeur\" \/>\n<meta property=\"og:description\" content=\"Le Semeur est votre monnaie locale, citoyenne et compl\u00e9mentaire de l&#039;Entre-Sambre-Et-Meuse. D\u00e9couvrez comment vous en procurer !\" \/>\n<meta property=\"og:url\" content=\"https:\/\/lesemeur.org\/index.php\/contact\/\" \/>\n<meta property=\"og:site_name\" content=\"Le Semeur\" \/>\n<meta property=\"article:modified_time\" content=\"2025-03-11T10:10:05+00:00\" \/>\n<meta property=\"og:image\" content=\"https:\/\/lesemeur.org\/wp-content\/uploads\/2020\/10\/Logo-OK-1.jpg\" \/>\n\t<meta property=\"og:image:width\" content=\"650\" \/>\n\t<meta property=\"og:image:height\" content=\"518\" \/>\n\t<meta property=\"og:image:type\" content=\"image\/jpeg\" \/>\n<meta name=\"twitter:card\" content=\"summary_large_image\" \/>\n<meta name=\"twitter:label1\" content=\"Dur\u00e9e de lecture estim\u00e9e\" \/>\n\t<meta name=\"twitter:data1\" content=\"1 minute\" \/>\n<script type=\"application\/ld+json\" class=\"yoast-schema-graph\">{\"@context\":\"https:\/\/schema.org\",\"@graph\":[{\"@type\":\"WebPage\",\"@id\":\"https:\/\/lesemeur.org\/index.php\/contact\/\",\"url\":\"https:\/\/lesemeur.org\/index.php\/contact\/\",\"name\":\"Contact - Le Semeur\",\"isPartOf\":{\"@id\":\"https:\/\/lesemeur.org\/#website\"},\"primaryImageOfPage\":{\"@id\":\"https:\/\/lesemeur.org\/index.php\/contact\/#primaryimage\"},\"image\":{\"@id\":\"https:\/\/lesemeur.org\/index.php\/contact\/#primaryimage\"},\"thumbnailUrl\":\"https:\/\/lesemeur.org\/wp-content\/uploads\/2020\/10\/Logo-OK-1.jpg\",\"datePublished\":\"2020-02-16T14:11:19+00:00\",\"dateModified\":\"2025-03-11T10:10:05+00:00\",\"description\":\"Le Semeur est votre monnaie locale, citoyenne et compl\u00e9mentaire de l'Entre-Sambre-Et-Meuse. D\u00e9couvrez comment vous en procurer !\",\"breadcrumb\":{\"@id\":\"https:\/\/lesemeur.org\/index.php\/contact\/#breadcrumb\"},\"inLanguage\":\"fr-FR\",\"potentialAction\":[{\"@type\":\"ReadAction\",\"target\":[\"https:\/\/lesemeur.org\/index.php\/contact\/\"]}]},{\"@type\":\"ImageObject\",\"inLanguage\":\"fr-FR\",\"@id\":\"https:\/\/lesemeur.org\/index.php\/contact\/#primaryimage\",\"url\":\"https:\/\/lesemeur.org\/wp-content\/uploads\/2020\/10\/Logo-OK-1.jpg\",\"contentUrl\":\"https:\/\/lesemeur.org\/wp-content\/uploads\/2020\/10\/Logo-OK-1.jpg\",\"width\":650,\"height\":518},{\"@type\":\"BreadcrumbList\",\"@id\":\"https:\/\/lesemeur.org\/index.php\/contact\/#breadcrumb\",\"itemListElement\":[{\"@type\":\"ListItem\",\"position\":1,\"name\":\"Accueil\",\"item\":\"https:\/\/lesemeur.org\/\"},{\"@type\":\"ListItem\",\"position\":2,\"name\":\"Contact\"}]},{\"@type\":\"WebSite\",\"@id\":\"https:\/\/lesemeur.org\/#website\",\"url\":\"https:\/\/lesemeur.org\/\",\"name\":\"Le Semeur\",\"description\":\"La monnaie locale de l&#039;Entre-Sambre-et-Meuse\",\"publisher\":{\"@id\":\"https:\/\/lesemeur.org\/#organization\"},\"potentialAction\":[{\"@type\":\"SearchAction\",\"target\":{\"@type\":\"EntryPoint\",\"urlTemplate\":\"https:\/\/lesemeur.org\/?s={search_term_string}\"},\"query-input\":{\"@type\":\"PropertyValueSpecification\",\"valueRequired\":true,\"valueName\":\"search_term_string\"}}],\"inLanguage\":\"fr-FR\"},{\"@type\":\"Organization\",\"@id\":\"https:\/\/lesemeur.org\/#organization\",\"name\":\"Le Semeur\",\"url\":\"https:\/\/lesemeur.org\/\",\"logo\":{\"@type\":\"ImageObject\",\"inLanguage\":\"fr-FR\",\"@id\":\"https:\/\/lesemeur.org\/#\/schema\/logo\/image\/\",\"url\":\"http:\/\/lesemeur.org\/wp-content\/uploads\/2020\/02\/Elisez-votre-logo.jpg\",\"contentUrl\":\"http:\/\/lesemeur.org\/wp-content\/uploads\/2020\/02\/Elisez-votre-logo.jpg\",\"width\":512,\"height\":512,\"caption\":\"Le Semeur\"},\"image\":{\"@id\":\"https:\/\/lesemeur.org\/#\/schema\/logo\/image\/\"}}]}<\/script>\n<!-- \/ Yoast SEO plugin. -->","yoast_head_json":{"title":"Contact - Le Semeur","description":"Le Semeur est votre monnaie locale, citoyenne et compl\u00e9mentaire de l'Entre-Sambre-Et-Meuse. D\u00e9couvrez comment vous en procurer !","robots":{"index":"index","follow":"follow","max-snippet":"max-snippet:-1","max-image-preview":"max-image-preview:large","max-video-preview":"max-video-preview:-1"},"canonical":"https:\/\/lesemeur.org\/index.php\/contact\/","og_locale":"fr_FR","og_type":"article","og_title":"Contact - Le Semeur","og_description":"Le Semeur est votre monnaie locale, citoyenne et compl\u00e9mentaire de l'Entre-Sambre-Et-Meuse. D\u00e9couvrez comment vous en procurer !","og_url":"https:\/\/lesemeur.org\/index.php\/contact\/","og_site_name":"Le Semeur","article_modified_time":"2025-03-11T10:10:05+00:00","og_image":[{"width":650,"height":518,"url":"https:\/\/lesemeur.org\/wp-content\/uploads\/2020\/10\/Logo-OK-1.jpg","type":"image\/jpeg"}],"twitter_card":"summary_large_image","twitter_misc":{"Dur\u00e9e de lecture estim\u00e9e":"1 minute"},"schema":{"@context":"https:\/\/schema.org","@graph":[{"@type":"WebPage","@id":"https:\/\/lesemeur.org\/index.php\/contact\/","url":"https:\/\/lesemeur.org\/index.php\/contact\/","name":"Contact - Le Semeur","isPartOf":{"@id":"https:\/\/lesemeur.org\/#website"},"primaryImageOfPage":{"@id":"https:\/\/lesemeur.org\/index.php\/contact\/#primaryimage"},"image":{"@id":"https:\/\/lesemeur.org\/index.php\/contact\/#primaryimage"},"thumbnailUrl":"https:\/\/lesemeur.org\/wp-content\/uploads\/2020\/10\/Logo-OK-1.jpg","datePublished":"2020-02-16T14:11:19+00:00","dateModified":"2025-03-11T10:10:05+00:00","description":"Le Semeur est votre monnaie locale, citoyenne et compl\u00e9mentaire de l'Entre-Sambre-Et-Meuse. D\u00e9couvrez comment vous en procurer !","breadcrumb":{"@id":"https:\/\/lesemeur.org\/index.php\/contact\/#breadcrumb"},"inLanguage":"fr-FR","potentialAction":[{"@type":"ReadAction","target":["https:\/\/lesemeur.org\/index.php\/contact\/"]}]},{"@type":"ImageObject","inLanguage":"fr-FR","@id":"https:\/\/lesemeur.org\/index.php\/contact\/#primaryimage","url":"https:\/\/lesemeur.org\/wp-content\/uploads\/2020\/10\/Logo-OK-1.jpg","contentUrl":"https:\/\/lesemeur.org\/wp-content\/uploads\/2020\/10\/Logo-OK-1.jpg","width":650,"height":518},{"@type":"BreadcrumbList","@id":"https:\/\/lesemeur.org\/index.php\/contact\/#breadcrumb","itemListElement":[{"@type":"ListItem","position":1,"name":"Accueil","item":"https:\/\/lesemeur.org\/"},{"@type":"ListItem","position":2,"name":"Contact"}]},{"@type":"WebSite","@id":"https:\/\/lesemeur.org\/#website","url":"https:\/\/lesemeur.org\/","name":"Le Semeur","description":"La monnaie locale de l&#039;Entre-Sambre-et-Meuse","publisher":{"@id":"https:\/\/lesemeur.org\/#organization"},"potentialAction":[{"@type":"SearchAction","target":{"@type":"EntryPoint","urlTemplate":"https:\/\/lesemeur.org\/?s={search_term_string}"},"query-input":{"@type":"PropertyValueSpecification","valueRequired":true,"valueName":"search_term_string"}}],"inLanguage":"fr-FR"},{"@type":"Organization","@id":"https:\/\/lesemeur.org\/#organization","name":"Le Semeur","url":"https:\/\/lesemeur.org\/","logo":{"@type":"ImageObject","inLanguage":"fr-FR","@id":"https:\/\/lesemeur.org\/#\/schema\/logo\/image\/","url":"http:\/\/lesemeur.org\/wp-content\/uploads\/2020\/02\/Elisez-votre-logo.jpg","contentUrl":"http:\/\/lesemeur.org\/wp-content\/uploads\/2020\/02\/Elisez-votre-logo.jpg","width":512,"height":512,"caption":"Le Semeur"},"image":{"@id":"https:\/\/lesemeur.org\/#\/schema\/logo\/image\/"}}]}},"_links":{"self":[{"href":"https:\/\/lesemeur.org\/index.php\/wp-json\/wp\/v2\/pages\/342","targetHints":{"allow":["GET"]}}],"collection":[{"href":"https:\/\/lesemeur.org\/index.php\/wp-json\/wp\/v2\/pages"}],"about":[{"href":"https:\/\/lesemeur.org\/index.php\/wp-json\/wp\/v2\/types\/page"}],"author":[{"embeddable":true,"href":"https:\/\/lesemeur.org\/index.php\/wp-json\/wp\/v2\/users\/1"}],"replies":[{"embeddable":true,"href":"https:\/\/lesemeur.org\/index.php\/wp-json\/wp\/v2\/comments?post=342"}],"version-history":[{"count":5,"href":"https:\/\/lesemeur.org\/index.php\/wp-json\/wp\/v2\/pages\/342\/revisions"}],"predecessor-version":[{"id":2322,"href":"https:\/\/lesemeur.org\/index.php\/wp-json\/wp\/v2\/pages\/342\/revisions\/2322"}],"wp:attachment":[{"href":"https:\/\/lesemeur.org\/index.php\/wp-json\/wp\/v2\/media?parent=342"}],"curies":[{"name":"wp","href":"https:\/\/api.w.org\/{rel}","templated":true}]}}