{"id":46,"date":"2020-02-13T10:22:20","date_gmt":"2020-02-13T09:22:20","guid":{"rendered":"http:\/\/lesemeur.org\/?page_id=46"},"modified":"2026-02-02T11:44:49","modified_gmt":"2026-02-02T10:44:49","slug":"le-territoire","status":"publish","type":"page","link":"https:\/\/lesemeur.org\/index.php\/le-territoire\/","title":{"rendered":"Le territoire"},"content":{"rendered":"\n<h2 class=\"wp-block-heading has-text-align-center\">Le territoire du Semeur<\/h2>\n\n\n\n<div class=\"wp-block-media-text alignwide is-stacked-on-mobile\" style=\"margin-bottom:var(--wp--preset--spacing--50)\"><figure class=\"wp-block-media-text__media\"><img loading=\"lazy\" decoding=\"async\" width=\"640\" height=\"360\" src=\"https:\/\/lesemeur.org\/wp-content\/uploads\/2021\/04\/Territoire-Semeur.jpg\" alt=\"Territoire du Semeur en Entre-Sambre-et-Meuse\" class=\"wp-image-1203 size-full\" srcset=\"https:\/\/lesemeur.org\/wp-content\/uploads\/2021\/04\/Territoire-Semeur.jpg 640w, https:\/\/lesemeur.org\/wp-content\/uploads\/2021\/04\/Territoire-Semeur-300x169.jpg 300w\" sizes=\"auto, (max-width: 640px) 100vw, 640px\" \/><\/figure><div class=\"wp-block-media-text__content\">\n<p class=\"justify\">Notre monnaie locale est en circulation depuis le 10 octobre 2020. Les Semeurs circulent dans tout le sud de l&#8217;Entre Sambre et Meuse. Le 15 avril 2026, les Semeurs cesseront de circuler. D\u00e9pensez les vite chez les prestataires qui les accepteront jusqu&#8217;\u00e0 cette date (voir carte ci-dessous).<\/p>\n<\/div><\/div>\n\n\n\n<h2 class=\"wp-block-heading has-text-align-center\" id=\"outrouver\">O\u00f9 trouver des Semeurs ?<\/h2>\n\n\n\n<p class=\"justify\">Les Comptoirs de change sont d\u00e9sormais ferm\u00e9s. Il n&#8217;est plus possible d&#8217;acqu\u00e9rir des Semeurs.<\/p>\n\n\n\n<h2 class=\"wp-block-heading has-text-align-center\" id=\"ouutiliser\">Ou utiliser ses Semeurs ?<\/h2>\n\n\n<p><iframe loading=\"lazy\" width=\"100%\" height=\"525px\" frameborder=\"0\" allowfullscreen=\"\" src=\"https:\/\/umap.openstreetmap.fr\/fr\/map\/clone-de-lesemeur-prestataires-de-biens-et-service_420939?scaleControl=false&amp;miniMap=false&amp;scrollWheelZoom=false&amp;zoomControl=true&amp;allowEdit=false&amp;moreControl=true&amp;searchControl=null&amp;tilelayersControl=null&amp;embedControl=null&amp;datalayersControl=true&amp;onLoadPanel=none&amp;captionBar=false\"><\/iframe><\/p>\n","protected":false},"excerpt":{"rendered":"<p>Le territoire du Semeur Notre monnaie locale est en circulation depuis le 10 octobre 2020. Les Semeurs circulent dans tout [&hellip;]<\/p>\n","protected":false},"author":1,"featured_media":0,"parent":0,"menu_order":0,"comment_status":"closed","ping_status":"closed","template":"","meta":{"site-sidebar-layout":"default","site-content-layout":"default","ast-site-content-layout":"default","site-content-style":"default","site-sidebar-style":"default","ast-global-header-display":"","ast-banner-title-visibility":"","ast-main-header-display":"","ast-hfb-above-header-display":"","ast-hfb-below-header-display":"","ast-hfb-mobile-header-display":"","site-post-title":"disabled","ast-breadcrumbs-content":"","ast-featured-img":"","footer-sml-layout":"","theme-transparent-header-meta":"default","adv-header-id-meta":"","stick-header-meta":"","header-above-stick-meta":"","header-main-stick-meta":"","header-below-stick-meta":"","astra-migrate-meta-layouts":"set","ast-page-background-enabled":"default","ast-page-background-meta":{"desktop":{"background-color":"var(--ast-global-color-4)","background-image":"","background-repeat":"repeat","background-position":"center center","background-size":"auto","background-attachment":"scroll","background-type":"","background-media":"","overlay-type":"","overlay-color":"","overlay-opacity":"","overlay-gradient":""},"tablet":{"background-color":"","background-image":"","background-repeat":"repeat","background-position":"center center","background-size":"auto","background-attachment":"scroll","background-type":"","background-media":"","overlay-type":"","overlay-color":"","overlay-opacity":"","overlay-gradient":""},"mobile":{"background-color":"","background-image":"","background-repeat":"repeat","background-position":"center center","background-size":"auto","background-attachment":"scroll","background-type":"","background-media":"","overlay-type":"","overlay-color":"","overlay-opacity":"","overlay-gradient":""}},"ast-content-background-meta":{"desktop":{"background-color":"var(--ast-global-color-5)","background-image":"","background-repeat":"repeat","background-position":"center center","background-size":"auto","background-attachment":"scroll","background-type":"","background-media":"","overlay-type":"","overlay-color":"","overlay-opacity":"","overlay-gradient":""},"tablet":{"background-color":"var(--ast-global-color-5)","background-image":"","background-repeat":"repeat","background-position":"center center","background-size":"auto","background-attachment":"scroll","background-type":"","background-media":"","overlay-type":"","overlay-color":"","overlay-opacity":"","overlay-gradient":""},"mobile":{"background-color":"var(--ast-global-color-5)","background-image":"","background-repeat":"repeat","background-position":"center center","background-size":"auto","background-attachment":"scroll","background-type":"","background-media":"","overlay-type":"","overlay-color":"","overlay-opacity":"","overlay-gradient":""}},"ngg_post_thumbnail":0,"footnotes":""},"class_list":["post-46","page","type-page","status-publish","hentry"],"yoast_head":"<!-- This site is optimized with the Yoast SEO plugin v24.0 - https:\/\/yoast.com\/wordpress\/plugins\/seo\/ -->\n<title>Le Semeur - Le territoire, o\u00f9 trouver des Semeurs et les utiliser<\/title>\n<meta name=\"description\" content=\"Le Semeur est votre monnaie locale, citoyenne et compl\u00e9mentaire de l&#039;Entre-Sambre-Et-Meuse. D\u00e9couvrez o\u00f9 trouver des ESEMeurs et o\u00f9 les utiliser !\" \/>\n<meta name=\"robots\" content=\"index, follow, max-snippet:-1, max-image-preview:large, max-video-preview:-1\" \/>\n<link rel=\"canonical\" href=\"https:\/\/lesemeur.org\/index.php\/le-territoire\/\" \/>\n<meta property=\"og:locale\" content=\"fr_FR\" \/>\n<meta property=\"og:type\" content=\"article\" \/>\n<meta property=\"og:title\" content=\"Le Semeur - Le territoire, o\u00f9 trouver des Semeurs et les utiliser\" \/>\n<meta property=\"og:description\" content=\"Le Semeur est votre monnaie locale, citoyenne et compl\u00e9mentaire de l&#039;Entre-Sambre-Et-Meuse. D\u00e9couvrez o\u00f9 trouver des ESEMeurs et o\u00f9 les utiliser !\" \/>\n<meta property=\"og:url\" content=\"https:\/\/lesemeur.org\/index.php\/le-territoire\/\" \/>\n<meta property=\"og:site_name\" content=\"Le Semeur\" \/>\n<meta property=\"article:modified_time\" content=\"2026-02-02T10:44:49+00:00\" \/>\n<meta property=\"og:image\" content=\"http:\/\/lesemeur.org\/wp-content\/uploads\/2021\/04\/Territoire-Semeur.jpg\" \/>\n<meta name=\"twitter:card\" content=\"summary_large_image\" \/>\n<meta name=\"twitter:label1\" content=\"Dur\u00e9e de lecture estim\u00e9e\" \/>\n\t<meta name=\"twitter:data1\" content=\"1 minute\" \/>\n<script type=\"application\/ld+json\" class=\"yoast-schema-graph\">{\"@context\":\"https:\/\/schema.org\",\"@graph\":[{\"@type\":\"WebPage\",\"@id\":\"https:\/\/lesemeur.org\/index.php\/le-territoire\/\",\"url\":\"https:\/\/lesemeur.org\/index.php\/le-territoire\/\",\"name\":\"Le Semeur - Le territoire, o\u00f9 trouver des Semeurs et les utiliser\",\"isPartOf\":{\"@id\":\"https:\/\/lesemeur.org\/#website\"},\"primaryImageOfPage\":{\"@id\":\"https:\/\/lesemeur.org\/index.php\/le-territoire\/#primaryimage\"},\"image\":{\"@id\":\"https:\/\/lesemeur.org\/index.php\/le-territoire\/#primaryimage\"},\"thumbnailUrl\":\"http:\/\/lesemeur.org\/wp-content\/uploads\/2021\/04\/Territoire-Semeur.jpg\",\"datePublished\":\"2020-02-13T09:22:20+00:00\",\"dateModified\":\"2026-02-02T10:44:49+00:00\",\"description\":\"Le Semeur est votre monnaie locale, citoyenne et compl\u00e9mentaire de l'Entre-Sambre-Et-Meuse. D\u00e9couvrez o\u00f9 trouver des ESEMeurs et o\u00f9 les utiliser !\",\"breadcrumb\":{\"@id\":\"https:\/\/lesemeur.org\/index.php\/le-territoire\/#breadcrumb\"},\"inLanguage\":\"fr-FR\",\"potentialAction\":[{\"@type\":\"ReadAction\",\"target\":[\"https:\/\/lesemeur.org\/index.php\/le-territoire\/\"]}]},{\"@type\":\"ImageObject\",\"inLanguage\":\"fr-FR\",\"@id\":\"https:\/\/lesemeur.org\/index.php\/le-territoire\/#primaryimage\",\"url\":\"http:\/\/lesemeur.org\/wp-content\/uploads\/2021\/04\/Territoire-Semeur.jpg\",\"contentUrl\":\"http:\/\/lesemeur.org\/wp-content\/uploads\/2021\/04\/Territoire-Semeur.jpg\"},{\"@type\":\"BreadcrumbList\",\"@id\":\"https:\/\/lesemeur.org\/index.php\/le-territoire\/#breadcrumb\",\"itemListElement\":[{\"@type\":\"ListItem\",\"position\":1,\"name\":\"Accueil\",\"item\":\"https:\/\/lesemeur.org\/\"},{\"@type\":\"ListItem\",\"position\":2,\"name\":\"Le territoire\"}]},{\"@type\":\"WebSite\",\"@id\":\"https:\/\/lesemeur.org\/#website\",\"url\":\"https:\/\/lesemeur.org\/\",\"name\":\"Le Semeur\",\"description\":\"La monnaie locale de l&#039;Entre-Sambre-et-Meuse\",\"publisher\":{\"@id\":\"https:\/\/lesemeur.org\/#organization\"},\"potentialAction\":[{\"@type\":\"SearchAction\",\"target\":{\"@type\":\"EntryPoint\",\"urlTemplate\":\"https:\/\/lesemeur.org\/?s={search_term_string}\"},\"query-input\":{\"@type\":\"PropertyValueSpecification\",\"valueRequired\":true,\"valueName\":\"search_term_string\"}}],\"inLanguage\":\"fr-FR\"},{\"@type\":\"Organization\",\"@id\":\"https:\/\/lesemeur.org\/#organization\",\"name\":\"Le Semeur\",\"url\":\"https:\/\/lesemeur.org\/\",\"logo\":{\"@type\":\"ImageObject\",\"inLanguage\":\"fr-FR\",\"@id\":\"https:\/\/lesemeur.org\/#\/schema\/logo\/image\/\",\"url\":\"http:\/\/lesemeur.org\/wp-content\/uploads\/2020\/02\/Elisez-votre-logo.jpg\",\"contentUrl\":\"http:\/\/lesemeur.org\/wp-content\/uploads\/2020\/02\/Elisez-votre-logo.jpg\",\"width\":512,\"height\":512,\"caption\":\"Le Semeur\"},\"image\":{\"@id\":\"https:\/\/lesemeur.org\/#\/schema\/logo\/image\/\"}}]}<\/script>\n<!-- \/ Yoast SEO plugin. -->","yoast_head_json":{"title":"Le Semeur - Le territoire, o\u00f9 trouver des Semeurs et les utiliser","description":"Le Semeur est votre monnaie locale, citoyenne et compl\u00e9mentaire de l'Entre-Sambre-Et-Meuse. D\u00e9couvrez o\u00f9 trouver des ESEMeurs et o\u00f9 les utiliser !","robots":{"index":"index","follow":"follow","max-snippet":"max-snippet:-1","max-image-preview":"max-image-preview:large","max-video-preview":"max-video-preview:-1"},"canonical":"https:\/\/lesemeur.org\/index.php\/le-territoire\/","og_locale":"fr_FR","og_type":"article","og_title":"Le Semeur - Le territoire, o\u00f9 trouver des Semeurs et les utiliser","og_description":"Le Semeur est votre monnaie locale, citoyenne et compl\u00e9mentaire de l'Entre-Sambre-Et-Meuse. D\u00e9couvrez o\u00f9 trouver des ESEMeurs et o\u00f9 les utiliser !","og_url":"https:\/\/lesemeur.org\/index.php\/le-territoire\/","og_site_name":"Le Semeur","article_modified_time":"2026-02-02T10:44:49+00:00","og_image":[{"url":"http:\/\/lesemeur.org\/wp-content\/uploads\/2021\/04\/Territoire-Semeur.jpg","type":"","width":"","height":""}],"twitter_card":"summary_large_image","twitter_misc":{"Dur\u00e9e de lecture estim\u00e9e":"1 minute"},"schema":{"@context":"https:\/\/schema.org","@graph":[{"@type":"WebPage","@id":"https:\/\/lesemeur.org\/index.php\/le-territoire\/","url":"https:\/\/lesemeur.org\/index.php\/le-territoire\/","name":"Le Semeur - Le territoire, o\u00f9 trouver des Semeurs et les utiliser","isPartOf":{"@id":"https:\/\/lesemeur.org\/#website"},"primaryImageOfPage":{"@id":"https:\/\/lesemeur.org\/index.php\/le-territoire\/#primaryimage"},"image":{"@id":"https:\/\/lesemeur.org\/index.php\/le-territoire\/#primaryimage"},"thumbnailUrl":"http:\/\/lesemeur.org\/wp-content\/uploads\/2021\/04\/Territoire-Semeur.jpg","datePublished":"2020-02-13T09:22:20+00:00","dateModified":"2026-02-02T10:44:49+00:00","description":"Le Semeur est votre monnaie locale, citoyenne et compl\u00e9mentaire de l'Entre-Sambre-Et-Meuse. D\u00e9couvrez o\u00f9 trouver des ESEMeurs et o\u00f9 les utiliser !","breadcrumb":{"@id":"https:\/\/lesemeur.org\/index.php\/le-territoire\/#breadcrumb"},"inLanguage":"fr-FR","potentialAction":[{"@type":"ReadAction","target":["https:\/\/lesemeur.org\/index.php\/le-territoire\/"]}]},{"@type":"ImageObject","inLanguage":"fr-FR","@id":"https:\/\/lesemeur.org\/index.php\/le-territoire\/#primaryimage","url":"http:\/\/lesemeur.org\/wp-content\/uploads\/2021\/04\/Territoire-Semeur.jpg","contentUrl":"http:\/\/lesemeur.org\/wp-content\/uploads\/2021\/04\/Territoire-Semeur.jpg"},{"@type":"BreadcrumbList","@id":"https:\/\/lesemeur.org\/index.php\/le-territoire\/#breadcrumb","itemListElement":[{"@type":"ListItem","position":1,"name":"Accueil","item":"https:\/\/lesemeur.org\/"},{"@type":"ListItem","position":2,"name":"Le territoire"}]},{"@type":"WebSite","@id":"https:\/\/lesemeur.org\/#website","url":"https:\/\/lesemeur.org\/","name":"Le Semeur","description":"La monnaie locale de l&#039;Entre-Sambre-et-Meuse","publisher":{"@id":"https:\/\/lesemeur.org\/#organization"},"potentialAction":[{"@type":"SearchAction","target":{"@type":"EntryPoint","urlTemplate":"https:\/\/lesemeur.org\/?s={search_term_string}"},"query-input":{"@type":"PropertyValueSpecification","valueRequired":true,"valueName":"search_term_string"}}],"inLanguage":"fr-FR"},{"@type":"Organization","@id":"https:\/\/lesemeur.org\/#organization","name":"Le Semeur","url":"https:\/\/lesemeur.org\/","logo":{"@type":"ImageObject","inLanguage":"fr-FR","@id":"https:\/\/lesemeur.org\/#\/schema\/logo\/image\/","url":"http:\/\/lesemeur.org\/wp-content\/uploads\/2020\/02\/Elisez-votre-logo.jpg","contentUrl":"http:\/\/lesemeur.org\/wp-content\/uploads\/2020\/02\/Elisez-votre-logo.jpg","width":512,"height":512,"caption":"Le Semeur"},"image":{"@id":"https:\/\/lesemeur.org\/#\/schema\/logo\/image\/"}}]}},"_links":{"self":[{"href":"https:\/\/lesemeur.org\/index.php\/wp-json\/wp\/v2\/pages\/46","targetHints":{"allow":["GET"]}}],"collection":[{"href":"https:\/\/lesemeur.org\/index.php\/wp-json\/wp\/v2\/pages"}],"about":[{"href":"https:\/\/lesemeur.org\/index.php\/wp-json\/wp\/v2\/types\/page"}],"author":[{"embeddable":true,"href":"https:\/\/lesemeur.org\/index.php\/wp-json\/wp\/v2\/users\/1"}],"replies":[{"embeddable":true,"href":"https:\/\/lesemeur.org\/index.php\/wp-json\/wp\/v2\/comments?post=46"}],"version-history":[{"count":72,"href":"https:\/\/lesemeur.org\/index.php\/wp-json\/wp\/v2\/pages\/46\/revisions"}],"predecessor-version":[{"id":2367,"href":"https:\/\/lesemeur.org\/index.php\/wp-json\/wp\/v2\/pages\/46\/revisions\/2367"}],"wp:attachment":[{"href":"https:\/\/lesemeur.org\/index.php\/wp-json\/wp\/v2\/media?parent=46"}],"curies":[{"name":"wp","href":"https:\/\/api.w.org\/{rel}","templated":true}]}}