{"id":82,"date":"2020-02-13T11:21:56","date_gmt":"2020-02-13T10:21:56","guid":{"rendered":"http:\/\/lesemeur.org\/?page_id=82"},"modified":"2026-02-02T11:47:37","modified_gmt":"2026-02-02T10:47:37","slug":"accueil","status":"publish","type":"page","link":"https:\/\/lesemeur.org\/","title":{"rendered":"Accueil"},"content":{"rendered":"\n<h1 class=\"wp-block-heading has-text-align-center\">Le Semeur : La monnaie locale de l&#8217;Entre-Sambre-et-Meuse<\/h1>\n\n\n\n<div class=\"wp-block-media-text alignwide is-stacked-on-mobile is-vertically-aligned-top justify\" style=\"grid-template-columns:15% auto\"><figure class=\"wp-block-media-text__media\"><img loading=\"lazy\" decoding=\"async\" width=\"650\" height=\"518\" src=\"https:\/\/lesemeur.org\/wp-content\/uploads\/2020\/10\/Logo-OK-1.jpg\" alt=\"\" class=\"wp-image-945 size-full\" srcset=\"https:\/\/lesemeur.org\/wp-content\/uploads\/2020\/10\/Logo-OK-1.jpg 650w, https:\/\/lesemeur.org\/wp-content\/uploads\/2020\/10\/Logo-OK-1-300x239.jpg 300w\" sizes=\"auto, (max-width: 650px) 100vw, 650px\" \/><\/figure><div class=\"wp-block-media-text__content\">\n<p class=\"has-normal-font-size\">Le Semeur est un projet port\u00e9 par des citoyens de l&#8217;Entre-Sambre-et-Meuse initi\u00e9 en 2018. Cette monnaie locale, citoyenne et compl\u00e9mentaire est en circulation depuis le 10 octobre 2020.<\/p>\n\n\n\n<p><strong>ATTENTION, le Semeur arr\u00eatera de circuler le 15 avril 2026<\/strong>. Utilisez vite vos derniers Semeurs chez les prestataires qui ont accept\u00e9 de jouer le jeu jusqu&#8217;au bout (<a href=\"https:\/\/lesemeur.org\/index.php\/le-territoire\/\">les voir sur la carte<\/a>).<\/p>\n<\/div><\/div>\n\n\n\n<div class=\"wp-block-columns is-layout-flex wp-container-core-columns-is-layout-1 wp-block-columns-is-layout-flex\">\n<div class=\"wp-block-column is-layout-flow wp-block-column-is-layout-flow\">\n<div class=\"wp-block-button aligncenter\"><a class=\"wp-block-button__link wp-element-button\" href=\"https:\/\/lesemeur.org\/index.php\/le-territoire\/#outrouver\">O\u00f9 trouver des Semeurs<\/a><\/div>\n<\/div>\n\n\n\n<div class=\"wp-block-column is-layout-flow wp-block-column-is-layout-flow\">\n<div class=\"wp-block-button aligncenter\"><a class=\"wp-block-button__link wp-element-button\" href=\"https:\/\/lesemeur.org\/index.php\/le-territoire\/#ouutiliser\">O\u00f9 utiliser ses Semeurs<\/a><\/div>\n<\/div>\n<\/div>\n\n\n\n<p><\/p>\n\n\n\n<h2 class=\"wp-block-heading has-text-align-center\">Les valeurs de notre monnaie<\/h2>\n\n\n\n<div class=\"wp-block-columns is-layout-flex wp-container-core-columns-is-layout-4 wp-block-columns-is-layout-flex\">\n<div class=\"wp-block-column is-layout-flow wp-block-column-is-layout-flow\">\n<div class=\"wp-block-columns is-layout-flex wp-container-core-columns-is-layout-2 wp-block-columns-is-layout-flex\">\n<div class=\"wp-block-column is-layout-flow wp-block-column-is-layout-flow\">\n<figure class=\"wp-block-image size-large\"><img loading=\"lazy\" decoding=\"async\" width=\"599\" height=\"399\" src=\"https:\/\/lesemeur.org\/wp-content\/uploads\/2020\/02\/Valeur-1-\u00e9changes-humains-2.jpg\" alt=\"\u00e9changes humains\" class=\"wp-image-214\" srcset=\"https:\/\/lesemeur.org\/wp-content\/uploads\/2020\/02\/Valeur-1-\u00e9changes-humains-2.jpg 599w, https:\/\/lesemeur.org\/wp-content\/uploads\/2020\/02\/Valeur-1-\u00e9changes-humains-2-300x200.jpg 300w, https:\/\/lesemeur.org\/wp-content\/uploads\/2020\/02\/Valeur-1-\u00e9changes-humains-2-391x260.jpg 391w\" sizes=\"auto, (max-width: 599px) 100vw, 599px\" \/><\/figure>\n\n\n\n<p class=\"has-text-align-center has-text-color has-normal-font-size\" style=\"color:#c11f75\"><strong>Entretenir et enrichir les \u00e9changes humains  <\/strong><\/p>\n\n\n\n<p class=\"has-text-align-center justify has-text-color has-small-font-size\" style=\"color:#707062\">\u00catre avant d&#8217;avoir ! Il est important pour nous de retrouver du sens dans nos actes quotidiens d&#8217;utilisation de biens ou de services.<\/p>\n<\/div>\n\n\n\n<div class=\"wp-block-column is-layout-flow wp-block-column-is-layout-flow\">\n<figure class=\"wp-block-image size-medium is-resized\"><img loading=\"lazy\" decoding=\"async\" width=\"300\" height=\"200\" src=\"https:\/\/lesemeur.org\/wp-content\/uploads\/2020\/02\/Valeur-2-Qualit\u00e9-1-300x200.jpg\" alt=\"Qualit\u00e9 des produits et services\" class=\"wp-image-215\" style=\"aspect-ratio:1.5012531328320802;width:204px;height:auto\" srcset=\"https:\/\/lesemeur.org\/wp-content\/uploads\/2020\/02\/Valeur-2-Qualit\u00e9-1-300x200.jpg 300w, https:\/\/lesemeur.org\/wp-content\/uploads\/2020\/02\/Valeur-2-Qualit\u00e9-1-768x512.jpg 768w, https:\/\/lesemeur.org\/wp-content\/uploads\/2020\/02\/Valeur-2-Qualit\u00e9-1-391x260.jpg 391w, https:\/\/lesemeur.org\/wp-content\/uploads\/2020\/02\/Valeur-2-Qualit\u00e9-1.jpg 783w\" sizes=\"auto, (max-width: 300px) 100vw, 300px\" \/><\/figure>\n\n\n\n<p class=\"has-text-align-center has-text-color has-normal-font-size\" style=\"color:#707062\"><strong>Des produits et services de qualit\u00e9  <\/strong><\/p>\n\n\n\n<p class=\"justify has-text-color has-small-font-size\" style=\"color:#c11f75\">Soutenir des producteurs qui d\u00e9tiennent des techniques et recettes anciennes, prennent le temps de conseiller leurs clients, voici notre souhait .<\/p>\n<\/div>\n<\/div>\n<\/div>\n\n\n\n<div class=\"wp-block-column is-layout-flow wp-block-column-is-layout-flow\">\n<div class=\"wp-block-columns is-layout-flex wp-container-core-columns-is-layout-3 wp-block-columns-is-layout-flex\">\n<div class=\"wp-block-column is-layout-flow wp-block-column-is-layout-flow\">\n<figure class=\"wp-block-image size-large is-resized\"><img loading=\"lazy\" decoding=\"async\" width=\"408\" height=\"272\" src=\"https:\/\/lesemeur.org\/wp-content\/uploads\/2020\/02\/Valeur-3-environnemental-1.jpg\" alt=\"durabilit\u00e9, environnement\" class=\"wp-image-219\" style=\"aspect-ratio:1.5012531328320802;width:204px;height:auto\" srcset=\"https:\/\/lesemeur.org\/wp-content\/uploads\/2020\/02\/Valeur-3-environnemental-1.jpg 408w, https:\/\/lesemeur.org\/wp-content\/uploads\/2020\/02\/Valeur-3-environnemental-1-300x200.jpg 300w, https:\/\/lesemeur.org\/wp-content\/uploads\/2020\/02\/Valeur-3-environnemental-1-391x260.jpg 391w\" sizes=\"auto, (max-width: 408px) 100vw, 408px\" \/><\/figure>\n\n\n\n<p class=\"has-text-align-center has-text-color has-normal-font-size\" style=\"color:#c11f75\"><strong>Une \u00e9conomie respectueuse de l&#8217;environnement  <\/strong><\/p>\n\n\n\n<p class=\"justify has-text-color has-small-font-size\" style=\"color:#707062\">Une \u00e9conomie circulaire, la r\u00e9duction des \u00e9nergies grises, des d\u00e9placements moindres de nos biens et services, une r\u00e9duction drastique des contenants \u00e0 usage unique&#8230;<\/p>\n<\/div>\n\n\n\n<div class=\"wp-block-column is-layout-flow wp-block-column-is-layout-flow\">\n<figure class=\"wp-block-image size-large is-resized\"><img loading=\"lazy\" decoding=\"async\" width=\"1024\" height=\"683\" src=\"https:\/\/lesemeur.org\/wp-content\/uploads\/2020\/02\/Valeur-4-Equitable-1-1024x683.jpg\" alt=\"\u00e9quitable\" class=\"wp-image-221\" style=\"aspect-ratio:1.5012531328320802;width:203px;height:auto\" srcset=\"https:\/\/lesemeur.org\/wp-content\/uploads\/2020\/02\/Valeur-4-Equitable-1-1024x683.jpg 1024w, https:\/\/lesemeur.org\/wp-content\/uploads\/2020\/02\/Valeur-4-Equitable-1-300x200.jpg 300w, https:\/\/lesemeur.org\/wp-content\/uploads\/2020\/02\/Valeur-4-Equitable-1-768x512.jpg 768w, https:\/\/lesemeur.org\/wp-content\/uploads\/2020\/02\/Valeur-4-Equitable-1-391x260.jpg 391w, https:\/\/lesemeur.org\/wp-content\/uploads\/2020\/02\/Valeur-4-Equitable-1.jpg 1037w\" sizes=\"auto, (max-width: 1024px) 100vw, 1024px\" \/><\/figure>\n\n\n\n<p class=\"has-text-align-center has-text-color has-normal-font-size\" style=\"color:#707062\"><strong>R\u00e9mun\u00e9rer<\/strong> <strong>le travail \u00e0 sa juste valeur<\/strong><\/p>\n\n\n\n<p class=\"justify has-text-color has-small-font-size\" style=\"color:#c11f75\">Il est temps d&#8217;arr\u00eater de chercher le produit moins cher. Cela se fait toujours au d\u00e9triment de la qualit\u00e9 et n&#8217;enrichit que les actionnaires au d\u00e9triment des producteurs. Nous voulons une soci\u00e9t\u00e9 o\u00f9 les richesses sont plus \u00e9quitablement r\u00e9parties.<\/p>\n<\/div>\n<\/div>\n<\/div>\n<\/div>\n\n\n\n<div class=\"wp-block-group is-layout-flow wp-block-group-is-layout-flow\">\n<h2 class=\"wp-block-heading has-text-align-center\">Le r\u00e9seau des monnaies locales<\/h2>\n<\/div>\n\n\n\n<div class=\"wp-block-media-text alignwide is-stacked-on-mobile\" style=\"margin-left:0\"><figure class=\"wp-block-media-text__media\"><img loading=\"lazy\" decoding=\"async\" width=\"1024\" height=\"277\" src=\"https:\/\/lesemeur.org\/wp-content\/uploads\/2020\/03\/Financite_Reseau-1024x277.jpg\" alt=\"Financit\u00e9\" class=\"wp-image-477 size-full\" srcset=\"https:\/\/lesemeur.org\/wp-content\/uploads\/2020\/03\/Financite_Reseau-1024x277.jpg 1024w, https:\/\/lesemeur.org\/wp-content\/uploads\/2020\/03\/Financite_Reseau-300x81.jpg 300w, https:\/\/lesemeur.org\/wp-content\/uploads\/2020\/03\/Financite_Reseau-768x208.jpg 768w, https:\/\/lesemeur.org\/wp-content\/uploads\/2020\/03\/Financite_Reseau-1536x416.jpg 1536w, https:\/\/lesemeur.org\/wp-content\/uploads\/2020\/03\/Financite_Reseau-2048x554.jpg 2048w\" sizes=\"auto, (max-width: 1024px) 100vw, 1024px\" \/><\/figure><div class=\"wp-block-media-text__content\">\n<p class=\"justify has-normal-font-size\">Le Semeur est la seizi\u00e8me monnaie locale, citoyenne et compl\u00e9mentaire mise en circulation en Belgique francophone.  Financit\u00e9 soutient le lancement de chacune de ces monnaies. Envie d&#8217;en savoir plus :  <a href=\"https:\/\/www.financite.be\/fr\/article\/monnaies-citoyennes\">c&#8217;est ici<\/a><\/p>\n<\/div><\/div>\n\n\n\n<p><\/p>\n\n\n\n<figure class=\"wp-block-image size-large\"><img loading=\"lazy\" decoding=\"async\" width=\"1024\" height=\"724\" src=\"https:\/\/lesemeur.org\/wp-content\/uploads\/2023\/10\/Carte-MLC-2022-1024x724.png\" alt=\"\" class=\"wp-image-1906\" srcset=\"https:\/\/lesemeur.org\/wp-content\/uploads\/2023\/10\/Carte-MLC-2022-1024x724.png 1024w, https:\/\/lesemeur.org\/wp-content\/uploads\/2023\/10\/Carte-MLC-2022-300x212.png 300w, https:\/\/lesemeur.org\/wp-content\/uploads\/2023\/10\/Carte-MLC-2022-768x543.png 768w\" sizes=\"auto, (max-width: 1024px) 100vw, 1024px\" \/><\/figure>\n\n\n\n<div class=\"wp-block-media-text alignwide has-media-on-the-right is-stacked-on-mobile\" style=\"margin-right:0;grid-template-columns:auto 49%\"><div class=\"wp-block-media-text__content\">\n<p class=\"justify has-normal-font-size\">Les monnaies locales, citoyennes et compl\u00e9mentaires s&#8217;int\u00e8grent dans le r\u00e9seau de la transition, mouvement initi\u00e9 par Rob Hopkins \u00e0 Totnes (UK) en 2007. Pour en savoir plus, <a href=\"https:\/\/www.reseautransition.be\/\">c&#8217;est par ici.<\/a><\/p>\n<\/div><figure class=\"wp-block-media-text__media\"><img loading=\"lazy\" decoding=\"async\" width=\"305\" height=\"97\" src=\"https:\/\/lesemeur.org\/wp-content\/uploads\/2020\/03\/header_logo_transition_4.png\" alt=\"\" class=\"wp-image-479 size-full\" srcset=\"https:\/\/lesemeur.org\/wp-content\/uploads\/2020\/03\/header_logo_transition_4.png 305w, https:\/\/lesemeur.org\/wp-content\/uploads\/2020\/03\/header_logo_transition_4-300x95.png 300w\" sizes=\"auto, (max-width: 305px) 100vw, 305px\" \/><\/figure><\/div>\n","protected":false},"excerpt":{"rendered":"<p>Le Semeur : La monnaie locale de l&#8217;Entre-Sambre-et-Meuse Le Semeur est un projet port\u00e9 par des citoyens de l&#8217;Entre-Sambre-et-Meuse initi\u00e9 [&hellip;]<\/p>\n","protected":false},"author":1,"featured_media":0,"parent":0,"menu_order":0,"comment_status":"closed","ping_status":"closed","template":"","meta":{"site-sidebar-layout":"default","site-content-layout":"default","ast-site-content-layout":"default","site-content-style":"default","site-sidebar-style":"default","ast-global-header-display":"","ast-banner-title-visibility":"","ast-main-header-display":"","ast-hfb-above-header-display":"","ast-hfb-below-header-display":"","ast-hfb-mobile-header-display":"","site-post-title":"disabled","ast-breadcrumbs-content":"","ast-featured-img":"","footer-sml-layout":"","theme-transparent-header-meta":"default","adv-header-id-meta":"","stick-header-meta":"","header-above-stick-meta":"","header-main-stick-meta":"","header-below-stick-meta":"","astra-migrate-meta-layouts":"set","ast-page-background-enabled":"default","ast-page-background-meta":{"desktop":{"background-color":"var(--ast-global-color-4)","background-image":"","background-repeat":"repeat","background-position":"center center","background-size":"auto","background-attachment":"scroll","background-type":"","background-media":"","overlay-type":"","overlay-color":"","overlay-opacity":"","overlay-gradient":""},"tablet":{"background-color":"","background-image":"","background-repeat":"repeat","background-position":"center center","background-size":"auto","background-attachment":"scroll","background-type":"","background-media":"","overlay-type":"","overlay-color":"","overlay-opacity":"","overlay-gradient":""},"mobile":{"background-color":"","background-image":"","background-repeat":"repeat","background-position":"center center","background-size":"auto","background-attachment":"scroll","background-type":"","background-media":"","overlay-type":"","overlay-color":"","overlay-opacity":"","overlay-gradient":""}},"ast-content-background-meta":{"desktop":{"background-color":"var(--ast-global-color-5)","background-image":"","background-repeat":"repeat","background-position":"center center","background-size":"auto","background-attachment":"scroll","background-type":"","background-media":"","overlay-type":"","overlay-color":"","overlay-opacity":"","overlay-gradient":""},"tablet":{"background-color":"var(--ast-global-color-5)","background-image":"","background-repeat":"repeat","background-position":"center center","background-size":"auto","background-attachment":"scroll","background-type":"","background-media":"","overlay-type":"","overlay-color":"","overlay-opacity":"","overlay-gradient":""},"mobile":{"background-color":"var(--ast-global-color-5)","background-image":"","background-repeat":"repeat","background-position":"center center","background-size":"auto","background-attachment":"scroll","background-type":"","background-media":"","overlay-type":"","overlay-color":"","overlay-opacity":"","overlay-gradient":""}},"ngg_post_thumbnail":0,"footnotes":""},"class_list":["post-82","page","type-page","status-publish","hentry"],"yoast_head":"<!-- This site is optimized with the Yoast SEO plugin v24.0 - https:\/\/yoast.com\/wordpress\/plugins\/seo\/ -->\n<title>Accueil - Le Semeur<\/title>\n<meta name=\"description\" content=\"Le Semeur est votre monnaie locale, citoyenne et compl\u00e9mentaire de l&#039;Entre-Sambre-Et-Meuse. D\u00e9couvrez comment vous en procurer !\" \/>\n<meta name=\"robots\" content=\"index, follow, max-snippet:-1, max-image-preview:large, max-video-preview:-1\" \/>\n<link rel=\"canonical\" href=\"https:\/\/lesemeur.org\/\" \/>\n<meta property=\"og:locale\" content=\"fr_FR\" \/>\n<meta property=\"og:type\" content=\"article\" \/>\n<meta property=\"og:title\" content=\"Accueil - Le Semeur\" \/>\n<meta property=\"og:description\" content=\"Le Semeur est votre monnaie locale, citoyenne et compl\u00e9mentaire de l&#039;Entre-Sambre-Et-Meuse. D\u00e9couvrez comment vous en procurer !\" \/>\n<meta property=\"og:url\" content=\"https:\/\/lesemeur.org\/\" \/>\n<meta property=\"og:site_name\" content=\"Le Semeur\" \/>\n<meta property=\"article:modified_time\" content=\"2026-02-02T10:47:37+00:00\" \/>\n<meta property=\"og:image\" content=\"http:\/\/lesemeur.org\/wp-content\/uploads\/2020\/10\/Logo-OK-1.jpg\" \/>\n<meta name=\"twitter:card\" content=\"summary_large_image\" \/>\n<meta name=\"twitter:label1\" content=\"Dur\u00e9e de lecture estim\u00e9e\" \/>\n\t<meta name=\"twitter:data1\" content=\"4 minutes\" \/>\n<script type=\"application\/ld+json\" class=\"yoast-schema-graph\">{\"@context\":\"https:\/\/schema.org\",\"@graph\":[{\"@type\":\"WebPage\",\"@id\":\"https:\/\/lesemeur.org\/\",\"url\":\"https:\/\/lesemeur.org\/\",\"name\":\"Accueil - Le Semeur\",\"isPartOf\":{\"@id\":\"https:\/\/lesemeur.org\/#website\"},\"primaryImageOfPage\":{\"@id\":\"https:\/\/lesemeur.org\/#primaryimage\"},\"image\":{\"@id\":\"https:\/\/lesemeur.org\/#primaryimage\"},\"thumbnailUrl\":\"http:\/\/lesemeur.org\/wp-content\/uploads\/2020\/10\/Logo-OK-1.jpg\",\"datePublished\":\"2020-02-13T10:21:56+00:00\",\"dateModified\":\"2026-02-02T10:47:37+00:00\",\"description\":\"Le Semeur est votre monnaie locale, citoyenne et compl\u00e9mentaire de l'Entre-Sambre-Et-Meuse. D\u00e9couvrez comment vous en procurer !\",\"breadcrumb\":{\"@id\":\"https:\/\/lesemeur.org\/#breadcrumb\"},\"inLanguage\":\"fr-FR\",\"potentialAction\":[{\"@type\":\"ReadAction\",\"target\":[\"https:\/\/lesemeur.org\/\"]}]},{\"@type\":\"ImageObject\",\"inLanguage\":\"fr-FR\",\"@id\":\"https:\/\/lesemeur.org\/#primaryimage\",\"url\":\"http:\/\/lesemeur.org\/wp-content\/uploads\/2020\/10\/Logo-OK-1.jpg\",\"contentUrl\":\"http:\/\/lesemeur.org\/wp-content\/uploads\/2020\/10\/Logo-OK-1.jpg\"},{\"@type\":\"BreadcrumbList\",\"@id\":\"https:\/\/lesemeur.org\/#breadcrumb\",\"itemListElement\":[{\"@type\":\"ListItem\",\"position\":1,\"name\":\"Accueil\",\"item\":\"https:\/\/lesemeur.org\/\"},{\"@type\":\"ListItem\",\"position\":2,\"name\":\"Accueil\"}]},{\"@type\":\"WebSite\",\"@id\":\"https:\/\/lesemeur.org\/#website\",\"url\":\"https:\/\/lesemeur.org\/\",\"name\":\"Le Semeur\",\"description\":\"La monnaie locale de l&#039;Entre-Sambre-et-Meuse\",\"publisher\":{\"@id\":\"https:\/\/lesemeur.org\/#organization\"},\"potentialAction\":[{\"@type\":\"SearchAction\",\"target\":{\"@type\":\"EntryPoint\",\"urlTemplate\":\"https:\/\/lesemeur.org\/?s={search_term_string}\"},\"query-input\":{\"@type\":\"PropertyValueSpecification\",\"valueRequired\":true,\"valueName\":\"search_term_string\"}}],\"inLanguage\":\"fr-FR\"},{\"@type\":\"Organization\",\"@id\":\"https:\/\/lesemeur.org\/#organization\",\"name\":\"Le Semeur\",\"url\":\"https:\/\/lesemeur.org\/\",\"logo\":{\"@type\":\"ImageObject\",\"inLanguage\":\"fr-FR\",\"@id\":\"https:\/\/lesemeur.org\/#\/schema\/logo\/image\/\",\"url\":\"http:\/\/lesemeur.org\/wp-content\/uploads\/2020\/02\/Elisez-votre-logo.jpg\",\"contentUrl\":\"http:\/\/lesemeur.org\/wp-content\/uploads\/2020\/02\/Elisez-votre-logo.jpg\",\"width\":512,\"height\":512,\"caption\":\"Le Semeur\"},\"image\":{\"@id\":\"https:\/\/lesemeur.org\/#\/schema\/logo\/image\/\"}}]}<\/script>\n<!-- \/ Yoast SEO plugin. -->","yoast_head_json":{"title":"Accueil - Le Semeur","description":"Le Semeur est votre monnaie locale, citoyenne et compl\u00e9mentaire de l'Entre-Sambre-Et-Meuse. D\u00e9couvrez comment vous en procurer !","robots":{"index":"index","follow":"follow","max-snippet":"max-snippet:-1","max-image-preview":"max-image-preview:large","max-video-preview":"max-video-preview:-1"},"canonical":"https:\/\/lesemeur.org\/","og_locale":"fr_FR","og_type":"article","og_title":"Accueil - Le Semeur","og_description":"Le Semeur est votre monnaie locale, citoyenne et compl\u00e9mentaire de l'Entre-Sambre-Et-Meuse. D\u00e9couvrez comment vous en procurer !","og_url":"https:\/\/lesemeur.org\/","og_site_name":"Le Semeur","article_modified_time":"2026-02-02T10:47:37+00:00","og_image":[{"url":"http:\/\/lesemeur.org\/wp-content\/uploads\/2020\/10\/Logo-OK-1.jpg","type":"","width":"","height":""}],"twitter_card":"summary_large_image","twitter_misc":{"Dur\u00e9e de lecture estim\u00e9e":"4 minutes"},"schema":{"@context":"https:\/\/schema.org","@graph":[{"@type":"WebPage","@id":"https:\/\/lesemeur.org\/","url":"https:\/\/lesemeur.org\/","name":"Accueil - Le Semeur","isPartOf":{"@id":"https:\/\/lesemeur.org\/#website"},"primaryImageOfPage":{"@id":"https:\/\/lesemeur.org\/#primaryimage"},"image":{"@id":"https:\/\/lesemeur.org\/#primaryimage"},"thumbnailUrl":"http:\/\/lesemeur.org\/wp-content\/uploads\/2020\/10\/Logo-OK-1.jpg","datePublished":"2020-02-13T10:21:56+00:00","dateModified":"2026-02-02T10:47:37+00:00","description":"Le Semeur est votre monnaie locale, citoyenne et compl\u00e9mentaire de l'Entre-Sambre-Et-Meuse. D\u00e9couvrez comment vous en procurer !","breadcrumb":{"@id":"https:\/\/lesemeur.org\/#breadcrumb"},"inLanguage":"fr-FR","potentialAction":[{"@type":"ReadAction","target":["https:\/\/lesemeur.org\/"]}]},{"@type":"ImageObject","inLanguage":"fr-FR","@id":"https:\/\/lesemeur.org\/#primaryimage","url":"http:\/\/lesemeur.org\/wp-content\/uploads\/2020\/10\/Logo-OK-1.jpg","contentUrl":"http:\/\/lesemeur.org\/wp-content\/uploads\/2020\/10\/Logo-OK-1.jpg"},{"@type":"BreadcrumbList","@id":"https:\/\/lesemeur.org\/#breadcrumb","itemListElement":[{"@type":"ListItem","position":1,"name":"Accueil","item":"https:\/\/lesemeur.org\/"},{"@type":"ListItem","position":2,"name":"Accueil"}]},{"@type":"WebSite","@id":"https:\/\/lesemeur.org\/#website","url":"https:\/\/lesemeur.org\/","name":"Le Semeur","description":"La monnaie locale de l&#039;Entre-Sambre-et-Meuse","publisher":{"@id":"https:\/\/lesemeur.org\/#organization"},"potentialAction":[{"@type":"SearchAction","target":{"@type":"EntryPoint","urlTemplate":"https:\/\/lesemeur.org\/?s={search_term_string}"},"query-input":{"@type":"PropertyValueSpecification","valueRequired":true,"valueName":"search_term_string"}}],"inLanguage":"fr-FR"},{"@type":"Organization","@id":"https:\/\/lesemeur.org\/#organization","name":"Le Semeur","url":"https:\/\/lesemeur.org\/","logo":{"@type":"ImageObject","inLanguage":"fr-FR","@id":"https:\/\/lesemeur.org\/#\/schema\/logo\/image\/","url":"http:\/\/lesemeur.org\/wp-content\/uploads\/2020\/02\/Elisez-votre-logo.jpg","contentUrl":"http:\/\/lesemeur.org\/wp-content\/uploads\/2020\/02\/Elisez-votre-logo.jpg","width":512,"height":512,"caption":"Le Semeur"},"image":{"@id":"https:\/\/lesemeur.org\/#\/schema\/logo\/image\/"}}]}},"_links":{"self":[{"href":"https:\/\/lesemeur.org\/index.php\/wp-json\/wp\/v2\/pages\/82","targetHints":{"allow":["GET"]}}],"collection":[{"href":"https:\/\/lesemeur.org\/index.php\/wp-json\/wp\/v2\/pages"}],"about":[{"href":"https:\/\/lesemeur.org\/index.php\/wp-json\/wp\/v2\/types\/page"}],"author":[{"embeddable":true,"href":"https:\/\/lesemeur.org\/index.php\/wp-json\/wp\/v2\/users\/1"}],"replies":[{"embeddable":true,"href":"https:\/\/lesemeur.org\/index.php\/wp-json\/wp\/v2\/comments?post=82"}],"version-history":[{"count":146,"href":"https:\/\/lesemeur.org\/index.php\/wp-json\/wp\/v2\/pages\/82\/revisions"}],"predecessor-version":[{"id":2369,"href":"https:\/\/lesemeur.org\/index.php\/wp-json\/wp\/v2\/pages\/82\/revisions\/2369"}],"wp:attachment":[{"href":"https:\/\/lesemeur.org\/index.php\/wp-json\/wp\/v2\/media?parent=82"}],"curies":[{"name":"wp","href":"https:\/\/api.w.org\/{rel}","templated":true}]}}