{"id":932,"date":"2020-10-30T16:00:39","date_gmt":"2020-10-30T15:00:39","guid":{"rendered":"http:\/\/lesemeur.org\/?page_id=932"},"modified":"2025-08-20T11:40:52","modified_gmt":"2025-08-20T09:40:52","slug":"docs-utiles","status":"publish","type":"page","link":"https:\/\/lesemeur.org\/index.php\/docs-utiles\/","title":{"rendered":"Docs utiles"},"content":{"rendered":"\n<h1 class=\"wp-block-heading has-text-align-center\">Devenir utilisateur\u00b7ice du Semeur<\/h1>\n\n\n\n<p>Sur cette page, vous trouverez tous les documents qui peuvent vous \u00eatre utiles que vous souhaitiez devenir membre, comptoir de change.<\/p>\n\n\n\n<div class=\"wp-block-columns is-layout-flex wp-container-core-columns-is-layout-1 wp-block-columns-is-layout-flex\">\n<div class=\"wp-block-column is-layout-flow wp-block-column-is-layout-flow\">\n<p class=\"has-text-align-center\"><a href=\"https:\/\/lesemeur.org\/wp-content\/uploads\/2025\/08\/2025-06-26-Statuts-Consolides.pdf\" target=\"_blank\" rel=\"noreferrer noopener\">Statuts<\/a><\/p>\n<\/div>\n\n\n\n<div class=\"wp-block-column is-layout-flow wp-block-column-is-layout-flow\">\n<p class=\"has-text-align-center\"><a href=\"https:\/\/lesemeur.org\/wp-content\/uploads\/2025\/08\/2025-06-27-ROI-Le-Semeur.pdf\" target=\"_blank\" rel=\"noreferrer noopener\">R.O.I.<\/a><\/p>\n<\/div>\n\n\n\n<div class=\"wp-block-column is-layout-flow wp-block-column-is-layout-flow\">\n<p class=\"has-text-align-center\"><a href=\"https:\/\/lesemeur.org\/wp-content\/uploads\/2025\/08\/2024-12-01-Le-Semeur-Listing-prestataires-comptoirs-de-change.pdf\" target=\"_blank\" rel=\"noreferrer noopener\">Listing prestataires<\/a><\/p>\n<\/div>\n<\/div>\n\n\n\n<h3 class=\"wp-block-heading\">Documents utiles pour les (futurs) membres<\/h3>\n\n\n\n<p>Tout\u00b7e citoyen\u00b7ne peut \u00eatre membre de l&#8217;ASBL. La cotisation annuelle de 30\u20ac donne droit \u00e0 20 Semeur de Cash-back et \u00e0 l&#8217;utilisation du syst\u00e8me de paiement \u00e9lectronique (qui \u00e9vite les frais  bancaires aux commer\u00e7ant\u00b7e\u00b7s). Il est souhaitable de combiner son adh\u00e9sion \u00e0 un change mensuel automatique d&#8217;euros en Semeurs.<\/p>\n\n\n\n<p><a href=\"https:\/\/lesemeur.org\/wp-content\/uploads\/2024\/05\/2024-Acte-dadhesion-a-lasbl-Le-Semeur-citoyen.pdf\" target=\"_blank\" rel=\"noreferrer noopener\">Acte d&#8217;adh\u00e9sion en tant que membre citoyen<\/a><\/p>\n\n\n\n<h3 class=\"wp-block-heading\">Documents utiles pour les (futurs) prestataires<\/h3>\n\n\n\n<p>Pour faire partie du Semeur, il faut que votre entreprise en respecte les valeurs (environnementales, sociales, locales et de gouvernance). Si vous souhaitez int\u00e9grer le r\u00e9seau, vous pouvez poser une candidature via le formulaire ci-dessous. Pour info, il y a une petite cotisation qui s&#8217;\u00e9l\u00e8ve \u00e0 30\u20ac pour les prestataires. Elle donne droit \u00e9galement \u00e0 un Syst\u00e8me de paiement \u00e9lectronique sans frais ! Vous \u00eates \u00e9galement r\u00e9f\u00e9renc\u00e9 dans notre catalogue de commer\u00e7ants locaux, sur notre site web, sur notre plateforme &#8220;acteurs de l&#8217;Entre-Sambre-et-Meuse&#8221;&#8230; Vous pouvez aussi devenir comptoir de change pour rendre les Semeurs plus accessible encore sur le territoire et favoriser l&#8217;\u00e9conomie locale et \u00e9thique.<\/p>\n\n\n\n<div class=\"wp-block-columns is-layout-flex wp-container-core-columns-is-layout-2 wp-block-columns-is-layout-flex\">\n<div class=\"wp-block-column is-layout-flow wp-block-column-is-layout-flow\">\n<p><a href=\"https:\/\/lesemeur.org\/wp-content\/uploads\/2025\/03\/2025-Acte-dadhesion-a-lASBL-Le-Semeur-Prestataire.pdf\" target=\"_blank\" rel=\"noreferrer noopener\">Acte d&#8217;adh\u00e9sion en tant que prestataire<\/a><\/p>\n<\/div>\n\n\n\n<div class=\"wp-block-column is-layout-flow wp-block-column-is-layout-flow\">\n<p><a href=\"https:\/\/lesemeur.org\/wp-content\/uploads\/2024\/05\/2024-Convention-de-comptoir-de-change.pdf\" target=\"_blank\" rel=\"noreferrer noopener\">Convention de comptoir de change<\/a><\/p>\n<\/div>\n<\/div>\n\n\n\n<h3 class=\"wp-block-heading\">Une cotisation ? Pour quoi faire ?<\/h3>\n\n\n\n<p>Le Semeur est une ASBL. Malgr\u00e9 l&#8217;engagement de tous les partis \u00e0 soutenir les Monnaie locales durant la pr\u00e9c\u00e9dente l\u00e9gislature, nous ne recevons toujours aucun moyen financier pour contribuer \u00e0 la promotion d&#8217;une \u00e9conomie plus juste, plus solidaire, plus attentive \u00e0 l&#8217;environnement. Votre cotisation constitue des rentr\u00e9es importantes qui permettent \u00e0 l&#8217;association de couvrir ses co\u00fbts (publication au moniteur, assurances, co\u00fbts promotionnels tels que ce site internet, les autocollants, le banner, l&#8217;impression des billets&#8230;). En \u00e9change, nos b\u00e9n\u00e9voles consacrent du temps (et de l&#8217;argent) pour faire gratuitement votre promotion. Le Semeur vous offre aussi des Services puisqu&#8217;il permet notamment de retirer du liquide dans des zones d\u00e9pourvues de bancontact, d&#8217;utiliser un syst\u00e8me de paiement \u00e9lectronique&#8230;<\/p>\n\n\n\n<p>C&#8217;est pourquoi votre petite contribution est vraiment importante pour l&#8217;ASBL ! Merci \u00e0 vous pour chaque euro que vous nous verser et qui permet de continuer \u00e0 promouvoir les valeurs des petits commerces locaux ind\u00e9pendants et des ind\u00e9pendants (ind\u00e9pendants \ud83d\ude09 ).<\/p>\n\n\n\n<p>Vous n&#8217;avez pas re\u00e7u votre autocollant &#8220;comptoir de change&#8221; ou &#8220;prestataire&#8221;. Vous avez une question concernant les Semeurs dans votre caisse, contacter l&#8217;\u00e9quipe &#8220;<a href=\"compta@lesemeur.org\">comptabilit\u00e9<\/a>&#8220;.<\/p>\n\n\n\n<h3 class=\"wp-block-heading\">Inter-\u00e9changeabilit\u00e9 avec le Carol&#8217;OR<\/h3>\n\n\n\n<p>Et s&#8217;il \u00e9tait possible pour un prestataire d&#8217;accepter aussi bien des Semeurs que des <a href=\"http:\/\/www.carolor.org\" target=\"_blank\" rel=\"noreferrer noopener\">Carol&#8217;OR<\/a>. Certains prestataires sont \u00e0 la limite des deux territoires et vendent autant au Nord qu&#8217;au Sud de Charleroi M\u00e9tropole. D&#8217;autres profitent des touristes de passage ou des travailleurs qui montent \u00e0 Charleroi. Commet g\u00e9rer une telle inter-\u00e9changeabilit\u00e9 ? Tout est expliqu\u00e9 dans le document ci-dessous :<\/p>\n\n\n\n<p><a href=\"https:\/\/lesemeur.org\/wp-content\/uploads\/2023\/09\/2023-Interechangeabilite-Semeurs-Carolor.pdf\">Document concernant l&#8217;inter-\u00e9changeabilit\u00e9 Semeurs &#8211; Carol&#8217;OR<\/a><\/p>\n","protected":false},"excerpt":{"rendered":"<p>Devenir utilisateur\u00b7ice du Semeur Sur cette page, vous trouverez tous les documents qui peuvent vous \u00eatre utiles que vous souhaitiez [&hellip;]<\/p>\n","protected":false},"author":1,"featured_media":0,"parent":0,"menu_order":0,"comment_status":"closed","ping_status":"closed","template":"","meta":{"site-sidebar-layout":"default","site-content-layout":"default","ast-site-content-layout":"default","site-content-style":"default","site-sidebar-style":"default","ast-global-header-display":"","ast-banner-title-visibility":"","ast-main-header-display":"","ast-hfb-above-header-display":"","ast-hfb-below-header-display":"","ast-hfb-mobile-header-display":"","site-post-title":"disabled","ast-breadcrumbs-content":"","ast-featured-img":"","footer-sml-layout":"","theme-transparent-header-meta":"default","adv-header-id-meta":"","stick-header-meta":"","header-above-stick-meta":"","header-main-stick-meta":"","header-below-stick-meta":"","astra-migrate-meta-layouts":"set","ast-page-background-enabled":"default","ast-page-background-meta":{"desktop":{"background-color":"var(--ast-global-color-4)","background-image":"","background-repeat":"repeat","background-position":"center center","background-size":"auto","background-attachment":"scroll","background-type":"","background-media":"","overlay-type":"","overlay-color":"","overlay-opacity":"","overlay-gradient":""},"tablet":{"background-color":"","background-image":"","background-repeat":"repeat","background-position":"center center","background-size":"auto","background-attachment":"scroll","background-type":"","background-media":"","overlay-type":"","overlay-color":"","overlay-opacity":"","overlay-gradient":""},"mobile":{"background-color":"","background-image":"","background-repeat":"repeat","background-position":"center center","background-size":"auto","background-attachment":"scroll","background-type":"","background-media":"","overlay-type":"","overlay-color":"","overlay-opacity":"","overlay-gradient":""}},"ast-content-background-meta":{"desktop":{"background-color":"var(--ast-global-color-5)","background-image":"","background-repeat":"repeat","background-position":"center center","background-size":"auto","background-attachment":"scroll","background-type":"","background-media":"","overlay-type":"","overlay-color":"","overlay-opacity":"","overlay-gradient":""},"tablet":{"background-color":"var(--ast-global-color-5)","background-image":"","background-repeat":"repeat","background-position":"center center","background-size":"auto","background-attachment":"scroll","background-type":"","background-media":"","overlay-type":"","overlay-color":"","overlay-opacity":"","overlay-gradient":""},"mobile":{"background-color":"var(--ast-global-color-5)","background-image":"","background-repeat":"repeat","background-position":"center center","background-size":"auto","background-attachment":"scroll","background-type":"","background-media":"","overlay-type":"","overlay-color":"","overlay-opacity":"","overlay-gradient":""}},"ngg_post_thumbnail":0,"footnotes":""},"class_list":["post-932","page","type-page","status-publish","hentry"],"yoast_head":"<!-- This site is optimized with the Yoast SEO plugin v24.0 - https:\/\/yoast.com\/wordpress\/plugins\/seo\/ -->\n<title>Docs utiles - Le Semeur<\/title>\n<meta name=\"description\" content=\"Le Semeur est votre monnaie locale, citoyenne et compl\u00e9mentaire de l&#039;Entre-Sambre-Et-Meuse. T\u00e9l\u00e9charger tous nos documents utiles.\" \/>\n<meta name=\"robots\" content=\"index, follow, max-snippet:-1, max-image-preview:large, max-video-preview:-1\" \/>\n<link rel=\"canonical\" href=\"https:\/\/lesemeur.org\/index.php\/docs-utiles\/\" \/>\n<meta property=\"og:locale\" content=\"fr_FR\" \/>\n<meta property=\"og:type\" content=\"article\" \/>\n<meta property=\"og:title\" content=\"Docs utiles - Le Semeur\" \/>\n<meta property=\"og:description\" content=\"Le Semeur est votre monnaie locale, citoyenne et compl\u00e9mentaire de l&#039;Entre-Sambre-Et-Meuse. T\u00e9l\u00e9charger tous nos documents utiles.\" \/>\n<meta property=\"og:url\" content=\"https:\/\/lesemeur.org\/index.php\/docs-utiles\/\" \/>\n<meta property=\"og:site_name\" content=\"Le Semeur\" \/>\n<meta property=\"article:modified_time\" content=\"2025-08-20T09:40:52+00:00\" \/>\n<meta name=\"twitter:card\" content=\"summary_large_image\" \/>\n<meta name=\"twitter:label1\" content=\"Dur\u00e9e de lecture estim\u00e9e\" \/>\n\t<meta name=\"twitter:data1\" content=\"3 minutes\" \/>\n<script type=\"application\/ld+json\" class=\"yoast-schema-graph\">{\"@context\":\"https:\/\/schema.org\",\"@graph\":[{\"@type\":\"WebPage\",\"@id\":\"https:\/\/lesemeur.org\/index.php\/docs-utiles\/\",\"url\":\"https:\/\/lesemeur.org\/index.php\/docs-utiles\/\",\"name\":\"Docs utiles - Le Semeur\",\"isPartOf\":{\"@id\":\"https:\/\/lesemeur.org\/#website\"},\"datePublished\":\"2020-10-30T15:00:39+00:00\",\"dateModified\":\"2025-08-20T09:40:52+00:00\",\"description\":\"Le Semeur est votre monnaie locale, citoyenne et compl\u00e9mentaire de l'Entre-Sambre-Et-Meuse. T\u00e9l\u00e9charger tous nos documents utiles.\",\"breadcrumb\":{\"@id\":\"https:\/\/lesemeur.org\/index.php\/docs-utiles\/#breadcrumb\"},\"inLanguage\":\"fr-FR\",\"potentialAction\":[{\"@type\":\"ReadAction\",\"target\":[\"https:\/\/lesemeur.org\/index.php\/docs-utiles\/\"]}]},{\"@type\":\"BreadcrumbList\",\"@id\":\"https:\/\/lesemeur.org\/index.php\/docs-utiles\/#breadcrumb\",\"itemListElement\":[{\"@type\":\"ListItem\",\"position\":1,\"name\":\"Accueil\",\"item\":\"https:\/\/lesemeur.org\/\"},{\"@type\":\"ListItem\",\"position\":2,\"name\":\"Docs utiles\"}]},{\"@type\":\"WebSite\",\"@id\":\"https:\/\/lesemeur.org\/#website\",\"url\":\"https:\/\/lesemeur.org\/\",\"name\":\"Le Semeur\",\"description\":\"La monnaie locale de l&#039;Entre-Sambre-et-Meuse\",\"publisher\":{\"@id\":\"https:\/\/lesemeur.org\/#organization\"},\"potentialAction\":[{\"@type\":\"SearchAction\",\"target\":{\"@type\":\"EntryPoint\",\"urlTemplate\":\"https:\/\/lesemeur.org\/?s={search_term_string}\"},\"query-input\":{\"@type\":\"PropertyValueSpecification\",\"valueRequired\":true,\"valueName\":\"search_term_string\"}}],\"inLanguage\":\"fr-FR\"},{\"@type\":\"Organization\",\"@id\":\"https:\/\/lesemeur.org\/#organization\",\"name\":\"Le Semeur\",\"url\":\"https:\/\/lesemeur.org\/\",\"logo\":{\"@type\":\"ImageObject\",\"inLanguage\":\"fr-FR\",\"@id\":\"https:\/\/lesemeur.org\/#\/schema\/logo\/image\/\",\"url\":\"http:\/\/lesemeur.org\/wp-content\/uploads\/2020\/02\/Elisez-votre-logo.jpg\",\"contentUrl\":\"http:\/\/lesemeur.org\/wp-content\/uploads\/2020\/02\/Elisez-votre-logo.jpg\",\"width\":512,\"height\":512,\"caption\":\"Le Semeur\"},\"image\":{\"@id\":\"https:\/\/lesemeur.org\/#\/schema\/logo\/image\/\"}}]}<\/script>\n<!-- \/ Yoast SEO plugin. -->","yoast_head_json":{"title":"Docs utiles - Le Semeur","description":"Le Semeur est votre monnaie locale, citoyenne et compl\u00e9mentaire de l'Entre-Sambre-Et-Meuse. T\u00e9l\u00e9charger tous nos documents utiles.","robots":{"index":"index","follow":"follow","max-snippet":"max-snippet:-1","max-image-preview":"max-image-preview:large","max-video-preview":"max-video-preview:-1"},"canonical":"https:\/\/lesemeur.org\/index.php\/docs-utiles\/","og_locale":"fr_FR","og_type":"article","og_title":"Docs utiles - Le Semeur","og_description":"Le Semeur est votre monnaie locale, citoyenne et compl\u00e9mentaire de l'Entre-Sambre-Et-Meuse. T\u00e9l\u00e9charger tous nos documents utiles.","og_url":"https:\/\/lesemeur.org\/index.php\/docs-utiles\/","og_site_name":"Le Semeur","article_modified_time":"2025-08-20T09:40:52+00:00","twitter_card":"summary_large_image","twitter_misc":{"Dur\u00e9e de lecture estim\u00e9e":"3 minutes"},"schema":{"@context":"https:\/\/schema.org","@graph":[{"@type":"WebPage","@id":"https:\/\/lesemeur.org\/index.php\/docs-utiles\/","url":"https:\/\/lesemeur.org\/index.php\/docs-utiles\/","name":"Docs utiles - Le Semeur","isPartOf":{"@id":"https:\/\/lesemeur.org\/#website"},"datePublished":"2020-10-30T15:00:39+00:00","dateModified":"2025-08-20T09:40:52+00:00","description":"Le Semeur est votre monnaie locale, citoyenne et compl\u00e9mentaire de l'Entre-Sambre-Et-Meuse. T\u00e9l\u00e9charger tous nos documents utiles.","breadcrumb":{"@id":"https:\/\/lesemeur.org\/index.php\/docs-utiles\/#breadcrumb"},"inLanguage":"fr-FR","potentialAction":[{"@type":"ReadAction","target":["https:\/\/lesemeur.org\/index.php\/docs-utiles\/"]}]},{"@type":"BreadcrumbList","@id":"https:\/\/lesemeur.org\/index.php\/docs-utiles\/#breadcrumb","itemListElement":[{"@type":"ListItem","position":1,"name":"Accueil","item":"https:\/\/lesemeur.org\/"},{"@type":"ListItem","position":2,"name":"Docs utiles"}]},{"@type":"WebSite","@id":"https:\/\/lesemeur.org\/#website","url":"https:\/\/lesemeur.org\/","name":"Le Semeur","description":"La monnaie locale de l&#039;Entre-Sambre-et-Meuse","publisher":{"@id":"https:\/\/lesemeur.org\/#organization"},"potentialAction":[{"@type":"SearchAction","target":{"@type":"EntryPoint","urlTemplate":"https:\/\/lesemeur.org\/?s={search_term_string}"},"query-input":{"@type":"PropertyValueSpecification","valueRequired":true,"valueName":"search_term_string"}}],"inLanguage":"fr-FR"},{"@type":"Organization","@id":"https:\/\/lesemeur.org\/#organization","name":"Le Semeur","url":"https:\/\/lesemeur.org\/","logo":{"@type":"ImageObject","inLanguage":"fr-FR","@id":"https:\/\/lesemeur.org\/#\/schema\/logo\/image\/","url":"http:\/\/lesemeur.org\/wp-content\/uploads\/2020\/02\/Elisez-votre-logo.jpg","contentUrl":"http:\/\/lesemeur.org\/wp-content\/uploads\/2020\/02\/Elisez-votre-logo.jpg","width":512,"height":512,"caption":"Le Semeur"},"image":{"@id":"https:\/\/lesemeur.org\/#\/schema\/logo\/image\/"}}]}},"_links":{"self":[{"href":"https:\/\/lesemeur.org\/index.php\/wp-json\/wp\/v2\/pages\/932","targetHints":{"allow":["GET"]}}],"collection":[{"href":"https:\/\/lesemeur.org\/index.php\/wp-json\/wp\/v2\/pages"}],"about":[{"href":"https:\/\/lesemeur.org\/index.php\/wp-json\/wp\/v2\/types\/page"}],"author":[{"embeddable":true,"href":"https:\/\/lesemeur.org\/index.php\/wp-json\/wp\/v2\/users\/1"}],"replies":[{"embeddable":true,"href":"https:\/\/lesemeur.org\/index.php\/wp-json\/wp\/v2\/comments?post=932"}],"version-history":[{"count":43,"href":"https:\/\/lesemeur.org\/index.php\/wp-json\/wp\/v2\/pages\/932\/revisions"}],"predecessor-version":[{"id":2361,"href":"https:\/\/lesemeur.org\/index.php\/wp-json\/wp\/v2\/pages\/932\/revisions\/2361"}],"wp:attachment":[{"href":"https:\/\/lesemeur.org\/index.php\/wp-json\/wp\/v2\/media?parent=932"}],"curies":[{"name":"wp","href":"https:\/\/api.w.org\/{rel}","templated":true}]}}