{"id":970,"date":"2020-11-22T21:08:46","date_gmt":"2020-11-22T20:08:46","guid":{"rendered":"http:\/\/lesemeur.org\/?page_id=970"},"modified":"2024-12-07T16:55:56","modified_gmt":"2024-12-07T15:55:56","slug":"lequipe","status":"publish","type":"page","link":"https:\/\/lesemeur.org\/index.php\/lequipe\/","title":{"rendered":"L&#8217;\u00e9quipe"},"content":{"rendered":"\n<h1 class=\"wp-block-heading has-text-align-center\">L&#8217;\u00e9quipe<\/h1>\n\n\n\n<div class=\"wp-block-columns is-layout-flex wp-container-core-columns-is-layout-1 wp-block-columns-is-layout-flex\">\n<div class=\"wp-block-column is-layout-flow wp-block-column-is-layout-flow\">\n<figure class=\"wp-block-image aligncenter size-full is-style-circle-mask\"><img loading=\"lazy\" decoding=\"async\" width=\"313\" height=\"312\" src=\"https:\/\/lesemeur.org\/wp-content\/uploads\/2023\/08\/Katia.png\" alt=\"\" class=\"wp-image-1791\" srcset=\"https:\/\/lesemeur.org\/wp-content\/uploads\/2023\/08\/Katia.png 313w, https:\/\/lesemeur.org\/wp-content\/uploads\/2023\/08\/Katia-300x300.png 300w, https:\/\/lesemeur.org\/wp-content\/uploads\/2023\/08\/Katia-150x150.png 150w\" sizes=\"auto, (max-width: 313px) 100vw, 313px\" \/><figcaption class=\"wp-element-caption\">Katia Raimondi<br>Pr\u00e9sidente<br>D\u00e9marchage<\/figcaption><\/figure>\n<\/div>\n\n\n\n<div class=\"wp-block-column is-layout-flow wp-block-column-is-layout-flow\">\n<figure class=\"wp-block-image aligncenter size-large is-style-circle-mask\"><img loading=\"lazy\" decoding=\"async\" width=\"320\" height=\"320\" src=\"https:\/\/lesemeur.org\/wp-content\/uploads\/2020\/11\/Moi-2018-ID-OK.jpg\" alt=\"\" class=\"wp-image-971\" srcset=\"https:\/\/lesemeur.org\/wp-content\/uploads\/2020\/11\/Moi-2018-ID-OK.jpg 320w, https:\/\/lesemeur.org\/wp-content\/uploads\/2020\/11\/Moi-2018-ID-OK-300x300.jpg 300w, https:\/\/lesemeur.org\/wp-content\/uploads\/2020\/11\/Moi-2018-ID-OK-150x150.jpg 150w\" sizes=\"auto, (max-width: 320px) 100vw, 320px\" \/><figcaption class=\"wp-element-caption\">Micha\u00ebl Horevoets<br>Tr\u00e9sorier<br>Comm&#8217; &amp; sensibilisation<\/figcaption><\/figure>\n<\/div>\n\n\n\n<div class=\"wp-block-column is-layout-flow wp-block-column-is-layout-flow\">\n<figure class=\"wp-block-image aligncenter size-large is-style-circle-mask\"><img loading=\"lazy\" decoding=\"async\" width=\"320\" height=\"320\" src=\"https:\/\/lesemeur.org\/wp-content\/uploads\/2020\/11\/Manu.jpg\" alt=\"\" class=\"wp-image-979\" srcset=\"https:\/\/lesemeur.org\/wp-content\/uploads\/2020\/11\/Manu.jpg 320w, https:\/\/lesemeur.org\/wp-content\/uploads\/2020\/11\/Manu-300x300.jpg 300w, https:\/\/lesemeur.org\/wp-content\/uploads\/2020\/11\/Manu-150x150.jpg 150w\" sizes=\"auto, (max-width: 320px) 100vw, 320px\" \/><figcaption class=\"wp-element-caption\"> Manu Tilquin<br>Secr\u00e9taire<br>D\u00e9marchage<br> <\/figcaption><\/figure>\n<\/div>\n<\/div>\n","protected":false},"excerpt":{"rendered":"<p>L&#8217;\u00e9quipe<\/p>\n","protected":false},"author":1,"featured_media":0,"parent":0,"menu_order":0,"comment_status":"closed","ping_status":"closed","template":"","meta":{"site-sidebar-layout":"default","site-content-layout":"default","ast-site-content-layout":"default","site-content-style":"default","site-sidebar-style":"default","ast-global-header-display":"","ast-banner-title-visibility":"","ast-main-header-display":"","ast-hfb-above-header-display":"","ast-hfb-below-header-display":"","ast-hfb-mobile-header-display":"","site-post-title":"disabled","ast-breadcrumbs-content":"","ast-featured-img":"","footer-sml-layout":"","theme-transparent-header-meta":"default","adv-header-id-meta":"","stick-header-meta":"","header-above-stick-meta":"","header-main-stick-meta":"","header-below-stick-meta":"","astra-migrate-meta-layouts":"set","ast-page-background-enabled":"default","ast-page-background-meta":{"desktop":{"background-color":"var(--ast-global-color-4)","background-image":"","background-repeat":"repeat","background-position":"center center","background-size":"auto","background-attachment":"scroll","background-type":"","background-media":"","overlay-type":"","overlay-color":"","overlay-opacity":"","overlay-gradient":""},"tablet":{"background-color":"","background-image":"","background-repeat":"repeat","background-position":"center center","background-size":"auto","background-attachment":"scroll","background-type":"","background-media":"","overlay-type":"","overlay-color":"","overlay-opacity":"","overlay-gradient":""},"mobile":{"background-color":"","background-image":"","background-repeat":"repeat","background-position":"center center","background-size":"auto","background-attachment":"scroll","background-type":"","background-media":"","overlay-type":"","overlay-color":"","overlay-opacity":"","overlay-gradient":""}},"ast-content-background-meta":{"desktop":{"background-color":"var(--ast-global-color-5)","background-image":"","background-repeat":"repeat","background-position":"center center","background-size":"auto","background-attachment":"scroll","background-type":"","background-media":"","overlay-type":"","overlay-color":"","overlay-opacity":"","overlay-gradient":""},"tablet":{"background-color":"var(--ast-global-color-5)","background-image":"","background-repeat":"repeat","background-position":"center center","background-size":"auto","background-attachment":"scroll","background-type":"","background-media":"","overlay-type":"","overlay-color":"","overlay-opacity":"","overlay-gradient":""},"mobile":{"background-color":"var(--ast-global-color-5)","background-image":"","background-repeat":"repeat","background-position":"center center","background-size":"auto","background-attachment":"scroll","background-type":"","background-media":"","overlay-type":"","overlay-color":"","overlay-opacity":"","overlay-gradient":""}},"ngg_post_thumbnail":0,"footnotes":""},"class_list":["post-970","page","type-page","status-publish","hentry"],"yoast_head":"<!-- This site is optimized with the Yoast SEO plugin v24.0 - https:\/\/yoast.com\/wordpress\/plugins\/seo\/ -->\n<title>L&#8217;\u00e9quipe - Le Semeur<\/title>\n<meta name=\"description\" content=\"Le Semeur est votre monnaie locale, citoyenne et compl\u00e9mentaire de l&#039;Entre-Sambre-Et-Meuse. D\u00e9couvrez notre \u00e9quipe\" \/>\n<meta name=\"robots\" content=\"index, follow, max-snippet:-1, max-image-preview:large, max-video-preview:-1\" \/>\n<link rel=\"canonical\" href=\"https:\/\/lesemeur.org\/index.php\/lequipe\/\" \/>\n<meta property=\"og:locale\" content=\"fr_FR\" \/>\n<meta property=\"og:type\" content=\"article\" \/>\n<meta property=\"og:title\" content=\"L&#8217;\u00e9quipe - Le Semeur\" \/>\n<meta property=\"og:description\" content=\"Le Semeur est votre monnaie locale, citoyenne et compl\u00e9mentaire de l&#039;Entre-Sambre-Et-Meuse. D\u00e9couvrez notre \u00e9quipe\" \/>\n<meta property=\"og:url\" content=\"https:\/\/lesemeur.org\/index.php\/lequipe\/\" \/>\n<meta property=\"og:site_name\" content=\"Le Semeur\" \/>\n<meta property=\"article:modified_time\" content=\"2024-12-07T15:55:56+00:00\" \/>\n<meta property=\"og:image\" content=\"http:\/\/lesemeur.org\/wp-content\/uploads\/2023\/08\/Katia.png\" \/>\n<meta name=\"twitter:card\" content=\"summary_large_image\" \/>\n<meta name=\"twitter:label1\" content=\"Dur\u00e9e de lecture estim\u00e9e\" \/>\n\t<meta name=\"twitter:data1\" content=\"1 minute\" \/>\n<script type=\"application\/ld+json\" class=\"yoast-schema-graph\">{\"@context\":\"https:\/\/schema.org\",\"@graph\":[{\"@type\":\"WebPage\",\"@id\":\"https:\/\/lesemeur.org\/index.php\/lequipe\/\",\"url\":\"https:\/\/lesemeur.org\/index.php\/lequipe\/\",\"name\":\"L&#8217;\u00e9quipe - Le Semeur\",\"isPartOf\":{\"@id\":\"https:\/\/lesemeur.org\/#website\"},\"primaryImageOfPage\":{\"@id\":\"https:\/\/lesemeur.org\/index.php\/lequipe\/#primaryimage\"},\"image\":{\"@id\":\"https:\/\/lesemeur.org\/index.php\/lequipe\/#primaryimage\"},\"thumbnailUrl\":\"http:\/\/lesemeur.org\/wp-content\/uploads\/2023\/08\/Katia.png\",\"datePublished\":\"2020-11-22T20:08:46+00:00\",\"dateModified\":\"2024-12-07T15:55:56+00:00\",\"description\":\"Le Semeur est votre monnaie locale, citoyenne et compl\u00e9mentaire de l'Entre-Sambre-Et-Meuse. D\u00e9couvrez notre \u00e9quipe\",\"breadcrumb\":{\"@id\":\"https:\/\/lesemeur.org\/index.php\/lequipe\/#breadcrumb\"},\"inLanguage\":\"fr-FR\",\"potentialAction\":[{\"@type\":\"ReadAction\",\"target\":[\"https:\/\/lesemeur.org\/index.php\/lequipe\/\"]}]},{\"@type\":\"ImageObject\",\"inLanguage\":\"fr-FR\",\"@id\":\"https:\/\/lesemeur.org\/index.php\/lequipe\/#primaryimage\",\"url\":\"http:\/\/lesemeur.org\/wp-content\/uploads\/2023\/08\/Katia.png\",\"contentUrl\":\"http:\/\/lesemeur.org\/wp-content\/uploads\/2023\/08\/Katia.png\"},{\"@type\":\"BreadcrumbList\",\"@id\":\"https:\/\/lesemeur.org\/index.php\/lequipe\/#breadcrumb\",\"itemListElement\":[{\"@type\":\"ListItem\",\"position\":1,\"name\":\"Accueil\",\"item\":\"https:\/\/lesemeur.org\/\"},{\"@type\":\"ListItem\",\"position\":2,\"name\":\"L&#8217;\u00e9quipe\"}]},{\"@type\":\"WebSite\",\"@id\":\"https:\/\/lesemeur.org\/#website\",\"url\":\"https:\/\/lesemeur.org\/\",\"name\":\"Le Semeur\",\"description\":\"La monnaie locale de l&#039;Entre-Sambre-et-Meuse\",\"publisher\":{\"@id\":\"https:\/\/lesemeur.org\/#organization\"},\"potentialAction\":[{\"@type\":\"SearchAction\",\"target\":{\"@type\":\"EntryPoint\",\"urlTemplate\":\"https:\/\/lesemeur.org\/?s={search_term_string}\"},\"query-input\":{\"@type\":\"PropertyValueSpecification\",\"valueRequired\":true,\"valueName\":\"search_term_string\"}}],\"inLanguage\":\"fr-FR\"},{\"@type\":\"Organization\",\"@id\":\"https:\/\/lesemeur.org\/#organization\",\"name\":\"Le Semeur\",\"url\":\"https:\/\/lesemeur.org\/\",\"logo\":{\"@type\":\"ImageObject\",\"inLanguage\":\"fr-FR\",\"@id\":\"https:\/\/lesemeur.org\/#\/schema\/logo\/image\/\",\"url\":\"http:\/\/lesemeur.org\/wp-content\/uploads\/2020\/02\/Elisez-votre-logo.jpg\",\"contentUrl\":\"http:\/\/lesemeur.org\/wp-content\/uploads\/2020\/02\/Elisez-votre-logo.jpg\",\"width\":512,\"height\":512,\"caption\":\"Le Semeur\"},\"image\":{\"@id\":\"https:\/\/lesemeur.org\/#\/schema\/logo\/image\/\"}}]}<\/script>\n<!-- \/ Yoast SEO plugin. -->","yoast_head_json":{"title":"L&#8217;\u00e9quipe - Le Semeur","description":"Le Semeur est votre monnaie locale, citoyenne et compl\u00e9mentaire de l'Entre-Sambre-Et-Meuse. D\u00e9couvrez notre \u00e9quipe","robots":{"index":"index","follow":"follow","max-snippet":"max-snippet:-1","max-image-preview":"max-image-preview:large","max-video-preview":"max-video-preview:-1"},"canonical":"https:\/\/lesemeur.org\/index.php\/lequipe\/","og_locale":"fr_FR","og_type":"article","og_title":"L&#8217;\u00e9quipe - Le Semeur","og_description":"Le Semeur est votre monnaie locale, citoyenne et compl\u00e9mentaire de l'Entre-Sambre-Et-Meuse. D\u00e9couvrez notre \u00e9quipe","og_url":"https:\/\/lesemeur.org\/index.php\/lequipe\/","og_site_name":"Le Semeur","article_modified_time":"2024-12-07T15:55:56+00:00","og_image":[{"url":"http:\/\/lesemeur.org\/wp-content\/uploads\/2023\/08\/Katia.png","type":"","width":"","height":""}],"twitter_card":"summary_large_image","twitter_misc":{"Dur\u00e9e de lecture estim\u00e9e":"1 minute"},"schema":{"@context":"https:\/\/schema.org","@graph":[{"@type":"WebPage","@id":"https:\/\/lesemeur.org\/index.php\/lequipe\/","url":"https:\/\/lesemeur.org\/index.php\/lequipe\/","name":"L&#8217;\u00e9quipe - Le Semeur","isPartOf":{"@id":"https:\/\/lesemeur.org\/#website"},"primaryImageOfPage":{"@id":"https:\/\/lesemeur.org\/index.php\/lequipe\/#primaryimage"},"image":{"@id":"https:\/\/lesemeur.org\/index.php\/lequipe\/#primaryimage"},"thumbnailUrl":"http:\/\/lesemeur.org\/wp-content\/uploads\/2023\/08\/Katia.png","datePublished":"2020-11-22T20:08:46+00:00","dateModified":"2024-12-07T15:55:56+00:00","description":"Le Semeur est votre monnaie locale, citoyenne et compl\u00e9mentaire de l'Entre-Sambre-Et-Meuse. D\u00e9couvrez notre \u00e9quipe","breadcrumb":{"@id":"https:\/\/lesemeur.org\/index.php\/lequipe\/#breadcrumb"},"inLanguage":"fr-FR","potentialAction":[{"@type":"ReadAction","target":["https:\/\/lesemeur.org\/index.php\/lequipe\/"]}]},{"@type":"ImageObject","inLanguage":"fr-FR","@id":"https:\/\/lesemeur.org\/index.php\/lequipe\/#primaryimage","url":"http:\/\/lesemeur.org\/wp-content\/uploads\/2023\/08\/Katia.png","contentUrl":"http:\/\/lesemeur.org\/wp-content\/uploads\/2023\/08\/Katia.png"},{"@type":"BreadcrumbList","@id":"https:\/\/lesemeur.org\/index.php\/lequipe\/#breadcrumb","itemListElement":[{"@type":"ListItem","position":1,"name":"Accueil","item":"https:\/\/lesemeur.org\/"},{"@type":"ListItem","position":2,"name":"L&#8217;\u00e9quipe"}]},{"@type":"WebSite","@id":"https:\/\/lesemeur.org\/#website","url":"https:\/\/lesemeur.org\/","name":"Le Semeur","description":"La monnaie locale de l&#039;Entre-Sambre-et-Meuse","publisher":{"@id":"https:\/\/lesemeur.org\/#organization"},"potentialAction":[{"@type":"SearchAction","target":{"@type":"EntryPoint","urlTemplate":"https:\/\/lesemeur.org\/?s={search_term_string}"},"query-input":{"@type":"PropertyValueSpecification","valueRequired":true,"valueName":"search_term_string"}}],"inLanguage":"fr-FR"},{"@type":"Organization","@id":"https:\/\/lesemeur.org\/#organization","name":"Le Semeur","url":"https:\/\/lesemeur.org\/","logo":{"@type":"ImageObject","inLanguage":"fr-FR","@id":"https:\/\/lesemeur.org\/#\/schema\/logo\/image\/","url":"http:\/\/lesemeur.org\/wp-content\/uploads\/2020\/02\/Elisez-votre-logo.jpg","contentUrl":"http:\/\/lesemeur.org\/wp-content\/uploads\/2020\/02\/Elisez-votre-logo.jpg","width":512,"height":512,"caption":"Le Semeur"},"image":{"@id":"https:\/\/lesemeur.org\/#\/schema\/logo\/image\/"}}]}},"_links":{"self":[{"href":"https:\/\/lesemeur.org\/index.php\/wp-json\/wp\/v2\/pages\/970","targetHints":{"allow":["GET"]}}],"collection":[{"href":"https:\/\/lesemeur.org\/index.php\/wp-json\/wp\/v2\/pages"}],"about":[{"href":"https:\/\/lesemeur.org\/index.php\/wp-json\/wp\/v2\/types\/page"}],"author":[{"embeddable":true,"href":"https:\/\/lesemeur.org\/index.php\/wp-json\/wp\/v2\/users\/1"}],"replies":[{"embeddable":true,"href":"https:\/\/lesemeur.org\/index.php\/wp-json\/wp\/v2\/comments?post=970"}],"version-history":[{"count":23,"href":"https:\/\/lesemeur.org\/index.php\/wp-json\/wp\/v2\/pages\/970\/revisions"}],"predecessor-version":[{"id":2245,"href":"https:\/\/lesemeur.org\/index.php\/wp-json\/wp\/v2\/pages\/970\/revisions\/2245"}],"wp:attachment":[{"href":"https:\/\/lesemeur.org\/index.php\/wp-json\/wp\/v2\/media?parent=970"}],"curies":[{"name":"wp","href":"https:\/\/api.w.org\/{rel}","templated":true}]}}